{"id":306397,"date":"2025-01-09T11:52:35","date_gmt":"2025-01-09T10:52:35","guid":{"rendered":"https:\/\/nestitaly.com\/pesto-experience\/"},"modified":"2025-04-03T10:27:08","modified_gmt":"2025-04-03T08:27:08","slug":"pesto-experience","status":"publish","type":"page","link":"https:\/\/nestitaly.com\/it\/pesto-experience\/","title":{"rendered":"Pesto Experience"},"content":{"rendered":"<p>[vc_row el_class=&#8221;ricerca&#8221; el_id=&#8221;ricerca&#8221;][vc_column][vc_custom_heading text=&#8221;Pesto Experience&#8221; font_container=&#8221;tag:h2|font_size:34|text_align:center&#8221; use_theme_fonts=&#8221;yes&#8221; t_supro_heading=&#8221;&#8221; m_supro_heading=&#8221;&#8221; t_font_size=&#8221;30&#8243; m_font_size=&#8221;24&#8243; css=&#8221;.vc_custom_1741175197777{margin-top: 0px !important;margin-bottom: 0px !important;}&#8221;][vc_empty_space height=&#8221;80px&#8221;][vc_single_image image=&#8221;306054&#8243; img_size=&#8221;large&#8221; alignment=&#8221;center&#8221;][vc_empty_space height=&#8221;80px&#8221;][vc_column_text]<\/p>\n<p style=\"text-align: center;\"><span style=\"color: #000000;\">Benvenuti alla Pesto Experience presso La Marinella, un&#8217;esperienza unica che vi immerge nel cuore autentico della Liguria, tra le scogliere a picco sul mare e l&#8217;incantevole atmosfera di San Terenzo. Preparatevi a vivere un&#8217;esperienza indimenticabile in cui le tradizioni culinarie locali si mescolano alla bellezza naturale dei dintorni, e il suono delle onde vi avvolge in un&#8217;atmosfera magica.<\/span><\/p>\n<p style=\"text-align: center;\"><span style=\"color: #000000;\">La giornata inizia alle 10:30 a La Marinella, il bistrot terrazzato affacciato sulla baia, pronto ad accogliervi con il suo panorama mozzafiato e l&#8217;invitante profumo del basilico. All&#8217;arrivo, sarete accolti con il grembiule ufficiale della Pesto Experience e un calice del leggendario vino bianco Vermentino, accompagnati da un aperitivo gourmet a base di prodotti locali.<\/span><\/p>\n<p style=\"text-align: center;\"><span style=\"color: #000000;\">Durante la Pesto Experience, avrete la possibilit\u00e0 di conoscere la storia e la preparazione autentica del Pesto Genovese, seguendo le antiche tradizioni tramandate di generazione in generazione. Condivideremo segreti, storie e curiosit\u00e0 legate a questa salsa unica, scoprendo insieme cosa la rende cos\u00ec speciale e famosa in tutto il mondo. A guidarvi in questo viaggio sar\u00e0 Giulio di Pesto Fiore, maestro spezzino, che vi sveler\u00e0 l&#8217;arte di preparare il pesto come si fa da secoli. Insieme, vivrete ogni fase, dalla raccolta del basilico fresco alla presentazione della tecnica tradizionale con il mortaio di marmo di Carrara, permettendovi di vivere ogni momento con autentico divertimento.<\/span><\/p>\n<p style=\"text-align: center;\"><span style=\"color: #000000;\">E poi, il momento pi\u00f9 appagante: assaggerete il pesto che avete preparato direttamente, assaporandolo con le trofie. Il tutto sar\u00e0 accompagnato dal vino Vermentino, esaltando i sapori di questa autentica esperienza ligure, mentre la vista mozzafiato sul mare completa questo viaggio indimenticabile.<\/span><\/p>\n<p style=\"text-align: center;\"><span style=\"color: #000000;\">Immergetevi nella bellezza mozzafiato della Baia di Marinella e sperimentate la genuina ospitalit\u00e0 italiana. Prenotate subito la Pesto Experience e lasciatevi conquistare dai sapori e dalle tradizioni della Liguria.<\/span><\/p>\n<p style=\"text-align: center;\"><span style=\"color: #000000;\">Ticket:120,00 EUR a persona<\/span><\/p>\n<p>&nbsp;<\/p>\n<h5><img loading=\"lazy\" decoding=\"async\" class=\"aligncenter wp-image-307728 size-large\" src=\"https:\/\/nestitaly.com\/wp-content\/smush-webp\/2025\/04\/lamarinella-100-1024x682.jpg.webp\" alt=\"\" width=\"840\" height=\"559\" srcset=\"https:\/\/nestitaly.com\/wp-content\/smush-webp\/2025\/04\/lamarinella-100-1024x682.jpg.webp 1024w, https:\/\/nestitaly.com\/wp-content\/smush-webp\/2025\/04\/lamarinella-100-300x200.jpg.webp 300w, https:\/\/nestitaly.com\/wp-content\/smush-webp\/2025\/04\/lamarinella-100-768x512.jpg.webp 768w, https:\/\/nestitaly.com\/wp-content\/smush-webp\/2025\/04\/lamarinella-100-1536x1024.jpg.webp 1536w, https:\/\/nestitaly.com\/wp-content\/smush-webp\/2025\/04\/lamarinella-100-450x300.jpg.webp 450w, https:\/\/nestitaly.com\/wp-content\/smush-webp\/2025\/04\/lamarinella-100-600x400.jpg.webp 600w, https:\/\/nestitaly.com\/wp-content\/smush-webp\/2025\/04\/lamarinella-100.jpg.webp 2000w\" sizes=\"auto, (max-width: 840px) 100vw, 840px\" data-smush-webp-fallback=\"{&quot;src&quot;:&quot;https:\\\/\\\/nestitaly.com\\\/wp-content\\\/uploads\\\/2025\\\/04\\\/lamarinella-100-1024x682.jpg&quot;,&quot;srcset&quot;:&quot;https:\\\/\\\/nestitaly.com\\\/wp-content\\\/uploads\\\/2025\\\/04\\\/lamarinella-100-1024x682.jpg 1024w, https:\\\/\\\/nestitaly.com\\\/wp-content\\\/uploads\\\/2025\\\/04\\\/lamarinella-100-300x200.jpg 300w, https:\\\/\\\/nestitaly.com\\\/wp-content\\\/uploads\\\/2025\\\/04\\\/lamarinella-100-768x512.jpg 768w, https:\\\/\\\/nestitaly.com\\\/wp-content\\\/uploads\\\/2025\\\/04\\\/lamarinella-100-1536x1024.jpg 1536w, https:\\\/\\\/nestitaly.com\\\/wp-content\\\/uploads\\\/2025\\\/04\\\/lamarinella-100-450x300.jpg 450w, https:\\\/\\\/nestitaly.com\\\/wp-content\\\/uploads\\\/2025\\\/04\\\/lamarinella-100-600x400.jpg 600w, https:\\\/\\\/nestitaly.com\\\/wp-content\\\/uploads\\\/2025\\\/04\\\/lamarinella-100.jpg 2000w&quot;}\" \/><\/h5>\n<h5><\/h5>\n<p>&nbsp;<\/p>\n<h5 style=\"text-align: center;\"><span style=\"color: #000000;\">More infos at: <a href=\"mailto:reservations@nestitaly.com\">reservations@nestitaly.com<\/a><\/span><\/h5>\n<p>[\/vc_column_text][\/vc_column][\/vc_row][vc_row el_id=&#8221;retreats&#8221;][vc_column][vc_empty_space height=&#8221;100px&#8221;][\/vc_column][\/vc_row]<\/p>\n","protected":false},"excerpt":{"rendered":"<p>[vc_row el_class=&#8221;ricerca&#8221; el_id=&#8221;ricerca&#8221;][vc_column][vc_custom_heading text=&#8221;Pesto Experience&#8221; font_container=&#8221;tag:h2|font_size:34|text_align:center&#8221; use_theme_fonts=&#8221;yes&#8221; t_supro_heading=&#8221;&#8221; m_supro_heading=&#8221;&#8221; t_font_size=&#8221;30&#8243; m_font_size=&#8221;24&#8243; css=&#8221;.vc_custom_1741175197777{margin-top: 0px !important;margin-bottom: 0px !important;}&#8221;][vc_empty_space height=&#8221;80px&#8221;][vc_single_image image=&#8221;306054&#8243; img_size=&#8221;large&#8221; alignment=&#8221;center&#8221;][vc_empty_space height=&#8221;80px&#8221;][vc_column_text] Benvenuti alla Pesto Experience presso La Marinella, un&#8217;esperienza unica che vi immerge nel cuore autentico della Liguria, tra le scogliere a picco sul mare e l&#8217;incantevole atmosfera di San Terenzo. Preparatevi a vivere un&#8217;esperienza [&hellip;]<\/p>\n","protected":false},"author":230,"featured_media":0,"parent":0,"menu_order":0,"comment_status":"closed","ping_status":"closed","template":"","meta":{"_acf_changed":false,"inline_featured_image":false,"footnotes":""},"class_list":["post-306397","page","type-page","status-publish","hentry","no-thumb"],"acf":[],"_links":{"self":[{"href":"https:\/\/nestitaly.com\/it\/wp-json\/wp\/v2\/pages\/306397","targetHints":{"allow":["GET"]}}],"collection":[{"href":"https:\/\/nestitaly.com\/it\/wp-json\/wp\/v2\/pages"}],"about":[{"href":"https:\/\/nestitaly.com\/it\/wp-json\/wp\/v2\/types\/page"}],"author":[{"embeddable":true,"href":"https:\/\/nestitaly.com\/it\/wp-json\/wp\/v2\/users\/230"}],"replies":[{"embeddable":true,"href":"https:\/\/nestitaly.com\/it\/wp-json\/wp\/v2\/comments?post=306397"}],"version-history":[{"count":7,"href":"https:\/\/nestitaly.com\/it\/wp-json\/wp\/v2\/pages\/306397\/revisions"}],"predecessor-version":[{"id":307731,"href":"https:\/\/nestitaly.com\/it\/wp-json\/wp\/v2\/pages\/306397\/revisions\/307731"}],"wp:attachment":[{"href":"https:\/\/nestitaly.com\/it\/wp-json\/wp\/v2\/media?parent=306397"}],"curies":[{"name":"wp","href":"https:\/\/api.w.org\/{rel}","templated":true}]}}