{"id":309976,"date":"2025-05-21T10:15:23","date_gmt":"2025-05-21T08:15:23","guid":{"rendered":"https:\/\/nestitaly.com\/experience-val-dorcia\/"},"modified":"2025-10-06T15:00:35","modified_gmt":"2025-10-06T13:00:35","slug":"esperienze-in-val-dorcia","status":"publish","type":"page","link":"https:\/\/nestitaly.com\/it\/esperienze-in-val-dorcia\/","title":{"rendered":"Esperienze in Val d&#8217;Orcia"},"content":{"rendered":"<p>[vc_row el_class=&#8221;ricerca&#8221; el_id=&#8221;ricerca&#8221;][vc_column][vc_custom_heading text=&#8221;Esperienze in Val d&#8217;Orcia&#8221; font_container=&#8221;tag:h2|font_size:34|text_align:center&#8221; use_theme_fonts=&#8221;yes&#8221; t_supro_heading=&#8221;&#8221; m_supro_heading=&#8221;&#8221; t_font_size=&#8221;30&#8243; m_font_size=&#8221;24&#8243; css=&#8221;.vc_custom_1749726766382{margin-top: 0px !important;margin-bottom: 0px !important;}&#8221;][vc_empty_space height=&#8221;80px&#8221;][vc_single_image image=&#8221;309659&#8243; img_size=&#8221;large&#8221; alignment=&#8221;center&#8221;][vc_empty_space height=&#8221;80px&#8221;][vc_column_text]<\/p>\n<p style=\"text-align: center;\"><span style=\"color: #000000;\">Immersa nel cuore della Toscana meridionale, la Val d\u2019Orcia si estende tra le province di Siena e Grosseto, a breve distanza in auto da destinazioni iconiche come Firenze e Roma. Circondata da dolci colline, vigneti, uliveti e antichi borghi, questa regione incarna il paesaggio toscano da cartolina, spesso ritratto in dipinti rinascimentali e film.<\/span><\/p>\n<p style=\"text-align: center;\"><span style=\"color: #000000;\">Sito Patrimonio dell\u2019Umanit\u00e0 UNESCO, la Val d\u2019Orcia \u00e8 una terra in cui il tempo sembra rallentare\u2014offrendo panorami mozzafiato, un ricco patrimonio culturale e un profondo legame con la natura. La sua posizione la rende la fuga perfetta per chi cerca tranquillit\u00e0, autenticit\u00e0 e bellezza.<\/span><\/p>\n<p style=\"text-align: center;\"><span style=\"color: #000000;\">Nest Italy ha selezionato una serie di esperienze significative per aiutarvi a scoprire l\u2019anima della Val d\u2019Orcia. Dai picnic gourmet alle cene private con vista mozzafiato, dai corsi di cucina ai tour enologici, ogni momento \u00e8 pensato per farvi entrare in contatto con la terra, i sapori e lo spirito di questa incantevole regione.<\/span><\/p>\n<p style=\"text-align: center;\"><span style=\"color: #000000;\"><strong>ESPERIENZA PICNIC<\/strong> \u2013 131,00 EUR a persona<\/span><br \/>\n<span style=\"color: #000000;\">Un picnic rilassato e autentico in stile toscano, con schiacciata fatta in casa con prosciutto toscano, una selezione di formaggi con confettura, porzioni individuali di pappa al pomodoro, una mini crostata, una bottiglia di spumante toscano e acqua.<\/span><br \/>\n<span style=\"color: #000000;\">Perfetto per godersi un momento panoramico all\u2019aperto.<\/span><\/p>\n<p style=\"text-align: center;\"><span style=\"color: #000000;\"><strong>ESPERIENZA PICNIC GOURMET<\/strong> \u2013 161,00 EUR a persona<\/span><br \/>\n<span style=\"color: #000000;\">Un aperitivo gourmet raffinato con ricciola marinata al pomodoro in due consistenze, club sandwich con cinghiale cotto 48 ore, millefoglie di barbabietola con ricciola, caramello salato ed erbe spontanee, carpaccio d\u2019anatra con fave, pecorino e fragole, e un Magnum di pecorino di Pienza con fave toscane.<\/span><br \/>\n<span style=\"color: #000000;\">Servito con una bottiglia di spumante toscano. (Il men\u00f9 pu\u00f2 variare in base alla stagionalit\u00e0.)<\/span><\/p>\n<p style=\"text-align: center;\"><span style=\"color: #000000;\"><strong>CORSO DI CUCINA<\/strong> \u2013 181,00 EUR a persona<\/span><br \/>\n<span style=\"color: #000000;\">Avete sempre sognato di imparare a cucinare piatti autentici toscani? Questa \u00e8 la vostra occasione! Imparate a preparare i tradizionali pici all\u2019aglione e i cantucci alle mandorle (oppure, in alternativa, il tiramis\u00f9).<\/span><br \/>\n<span style=\"color: #000000;\">Il corso di 2 ore termina con un pranzo dei piatti preparati. Inizio alle ore 11:00.<\/span><\/p>\n<p style=\"text-align: center;\"><span style=\"color: #000000;\"><strong>CENA PRIVATA<\/strong> alla Locanda in Tuscany \u2013 191,00 EUR a persona<\/span><br \/>\n<span style=\"color: #000000;\">Festeggiate un\u2019occasione speciale\u2014o semplicemente concedetevi un regalo\u2014con una cena privata di quattro portate preparata dallo chef e servita in una location riservata sotto il patio o in un campo panoramico con vista sulla Val d\u2019Orcia.<\/span><br \/>\n<span style=\"color: #000000;\">Include selezione di vini, acqua e bevande analcoliche.<\/span><\/p>\n<p style=\"text-align: center;\"><span style=\"color: #000000;\"><strong>CENA PRIVATA<\/strong> a Vitaleta \u2013 251,00 EUR a persona<\/span><br \/>\n<span style=\"color: #000000;\">Cena in una location esclusiva proprio di fronte all\u2019iconica Cappella di Vitaleta. Un men\u00f9 unico di quattro portate creato dallo chef servito in uno spazio riservato e dedicato solo a voi.<\/span><br \/>\n<span style=\"color: #000000;\">Include selezione di vini, acqua e bevande analcoliche.<\/span><\/p>\n<p>&nbsp;<\/p>\n<h5 style=\"text-align: center;\"><span style=\"color: #000000;\">Per maggiori informazioni: <a href=\"mailto:reservations@nestitaly.com\">reservations@nestitaly.com<\/a><\/span><\/h5>\n<p>&nbsp;<\/p>\n<p><img loading=\"lazy\" decoding=\"async\" class=\"aligncenter wp-image-309684 size-large\" src=\"https:\/\/nestitaly.com\/wp-content\/smush-webp\/2025\/05\/Vitaleta-al-tramonto-1024x683.jpg.webp\" alt=\"\" width=\"840\" height=\"560\" srcset=\"https:\/\/nestitaly.com\/wp-content\/smush-webp\/2025\/05\/Vitaleta-al-tramonto-1024x683.jpg.webp 1024w, https:\/\/nestitaly.com\/wp-content\/smush-webp\/2025\/05\/Vitaleta-al-tramonto-300x200.jpg.webp 300w, https:\/\/nestitaly.com\/wp-content\/smush-webp\/2025\/05\/Vitaleta-al-tramonto-768x512.jpg.webp 768w, https:\/\/nestitaly.com\/wp-content\/smush-webp\/2025\/05\/Vitaleta-al-tramonto-1536x1024.jpg.webp 1536w, https:\/\/nestitaly.com\/wp-content\/smush-webp\/2025\/05\/Vitaleta-al-tramonto-2048x1365.jpg.webp 2048w, https:\/\/nestitaly.com\/wp-content\/smush-webp\/2025\/05\/Vitaleta-al-tramonto-450x300.jpg.webp 450w, https:\/\/nestitaly.com\/wp-content\/smush-webp\/2025\/05\/Vitaleta-al-tramonto-600x400.jpg.webp 600w\" sizes=\"auto, (max-width: 840px) 100vw, 840px\" data-smush-webp-fallback=\"{&quot;src&quot;:&quot;https:\\\/\\\/nestitaly.com\\\/wp-content\\\/uploads\\\/2025\\\/05\\\/Vitaleta-al-tramonto-1024x683.jpg&quot;,&quot;srcset&quot;:&quot;https:\\\/\\\/nestitaly.com\\\/wp-content\\\/uploads\\\/2025\\\/05\\\/Vitaleta-al-tramonto-1024x683.jpg 1024w, https:\\\/\\\/nestitaly.com\\\/wp-content\\\/uploads\\\/2025\\\/05\\\/Vitaleta-al-tramonto-300x200.jpg 300w, https:\\\/\\\/nestitaly.com\\\/wp-content\\\/uploads\\\/2025\\\/05\\\/Vitaleta-al-tramonto-768x512.jpg 768w, https:\\\/\\\/nestitaly.com\\\/wp-content\\\/uploads\\\/2025\\\/05\\\/Vitaleta-al-tramonto-1536x1024.jpg 1536w, https:\\\/\\\/nestitaly.com\\\/wp-content\\\/uploads\\\/2025\\\/05\\\/Vitaleta-al-tramonto-2048x1365.jpg 2048w, https:\\\/\\\/nestitaly.com\\\/wp-content\\\/uploads\\\/2025\\\/05\\\/Vitaleta-al-tramonto-450x300.jpg 450w, https:\\\/\\\/nestitaly.com\\\/wp-content\\\/uploads\\\/2025\\\/05\\\/Vitaleta-al-tramonto-600x400.jpg 600w&quot;}\" \/>[\/vc_column_text][\/vc_column][\/vc_row][vc_row el_id=&#8221;retreats&#8221;][vc_column][vc_empty_space height=&#8221;100px&#8221;][\/vc_column][\/vc_row]<\/p>\n","protected":false},"excerpt":{"rendered":"<p>[vc_row el_class=&#8221;ricerca&#8221; el_id=&#8221;ricerca&#8221;][vc_column][vc_custom_heading text=&#8221;Esperienze in Val d&#8217;Orcia&#8221; font_container=&#8221;tag:h2|font_size:34|text_align:center&#8221; use_theme_fonts=&#8221;yes&#8221; t_supro_heading=&#8221;&#8221; m_supro_heading=&#8221;&#8221; t_font_size=&#8221;30&#8243; m_font_size=&#8221;24&#8243; css=&#8221;.vc_custom_1749726766382{margin-top: 0px !important;margin-bottom: 0px !important;}&#8221;][vc_empty_space height=&#8221;80px&#8221;][vc_single_image image=&#8221;309659&#8243; img_size=&#8221;large&#8221; alignment=&#8221;center&#8221;][vc_empty_space height=&#8221;80px&#8221;][vc_column_text] Immersa nel cuore della Toscana meridionale, la Val d\u2019Orcia si estende tra le province di Siena e Grosseto, a breve distanza in auto da destinazioni iconiche come Firenze e Roma. Circondata da [&hellip;]<\/p>\n","protected":false},"author":230,"featured_media":0,"parent":0,"menu_order":0,"comment_status":"closed","ping_status":"closed","template":"","meta":{"_acf_changed":false,"inline_featured_image":false,"footnotes":""},"class_list":["post-309976","page","type-page","status-publish","hentry","no-thumb"],"acf":[],"_links":{"self":[{"href":"https:\/\/nestitaly.com\/it\/wp-json\/wp\/v2\/pages\/309976","targetHints":{"allow":["GET"]}}],"collection":[{"href":"https:\/\/nestitaly.com\/it\/wp-json\/wp\/v2\/pages"}],"about":[{"href":"https:\/\/nestitaly.com\/it\/wp-json\/wp\/v2\/types\/page"}],"author":[{"embeddable":true,"href":"https:\/\/nestitaly.com\/it\/wp-json\/wp\/v2\/users\/230"}],"replies":[{"embeddable":true,"href":"https:\/\/nestitaly.com\/it\/wp-json\/wp\/v2\/comments?post=309976"}],"version-history":[{"count":7,"href":"https:\/\/nestitaly.com\/it\/wp-json\/wp\/v2\/pages\/309976\/revisions"}],"predecessor-version":[{"id":312669,"href":"https:\/\/nestitaly.com\/it\/wp-json\/wp\/v2\/pages\/309976\/revisions\/312669"}],"wp:attachment":[{"href":"https:\/\/nestitaly.com\/it\/wp-json\/wp\/v2\/media?parent=309976"}],"curies":[{"name":"wp","href":"https:\/\/api.w.org\/{rel}","templated":true}]}}