{"id":313260,"date":"2025-10-10T11:54:48","date_gmt":"2025-10-10T09:54:48","guid":{"rendered":"https:\/\/nestitaly.com\/exclusive-italian-tours\/"},"modified":"2025-10-29T10:08:49","modified_gmt":"2025-10-29T09:08:49","slug":"tour-esclusivi-in-italia","status":"publish","type":"page","link":"https:\/\/nestitaly.com\/it\/tour-esclusivi-in-italia\/","title":{"rendered":"Tour esclusivi in Italia"},"content":{"rendered":"<p>[vc_row el_class=&#8221;ricerca&#8221; el_id=&#8221;ricerca&#8221;][vc_column][vc_custom_heading text=&#8221;Tour esclusivi in Italia&#8221; font_container=&#8221;tag:h2|font_size:34|text_align:center&#8221; use_theme_fonts=&#8221;yes&#8221; t_supro_heading=&#8221;&#8221; m_supro_heading=&#8221;&#8221; t_font_size=&#8221;30&#8243; m_font_size=&#8221;24&#8243; css=&#8221;.vc_custom_1761728116851{margin-top: 0px !important;margin-bottom: 0px !important;}&#8221;][vc_empty_space height=&#8221;80px&#8221;][vc_single_image image=&#8221;312740&#8243; img_size=&#8221;large&#8221; alignment=&#8221;center&#8221;][vc_empty_space height=&#8221;80px&#8221;][vc_column_text]<\/p>\n<p style=\"text-align: center;\"><span style=\"color: #000000;\"><strong>Scoprite l\u2019Italia Oltre le Guide Turistiche<\/strong><\/span><\/p>\n<p>&nbsp;<\/p>\n<p style=\"text-align: center;\"><span style=\"color: #000000;\">Da Nest Italy, crediamo che viaggiare debba essere un\u2019esperienza personale, significativa e curata nei minimi dettagli. Per questo collaboriamo con un team selezionato di guide esperte che creano viaggi privati e di piccoli gruppi, pensati per mostrarvi un\u2019Italia che pochi viaggiatori hanno la fortuna di vedere.<\/span><\/p>\n<p style=\"text-align: center;\"><span style=\"color: #000000;\">Non si tratta di semplici tour \u2014 ma di esperienze immersive, ricche di storie, che svelano i livelli pi\u00f9 nascosti della storia, dell\u2019arte, del cibo e della vita quotidiana italiana. Ogni dettaglio \u00e8 studiato con cura per offrire comfort, autenticit\u00e0 e profondit\u00e0, con accesso a luoghi e prospettive che vanno ben oltre l\u2019ordinario.<\/span><\/p>\n<p style=\"text-align: center;\"><span style=\"color: #000000;\">Ecco solo alcuni esempi di ci\u00f2 che \u00e8 possibile vivere \u2014 ma non esitate a contattarci per esperienze su misura.<\/span><\/p>\n<p>&nbsp;<\/p>\n<p style=\"text-align: center;\"><span style=\"color: #000000;\"><strong>VENEZIA<\/strong><\/span><\/p>\n<p>&nbsp;<\/p>\n<p style=\"text-align: center;\"><span style=\"color: #000000;\">Giro in Barca Privata a Venezia: Murano e Burano<\/span><\/p>\n<p style=\"text-align: center;\"><span style=\"color: #000000;\">Parti per un tour privato in motoscafo attraverso la laguna veneziana, accompagnati dal vostro skipper e da una guida esperta. Scoprite l\u2019arte dei leggendari maestri vetrai di Murano e osservate da vicino il loro mestiere secolare. Poi navigate verso l\u2019isola colorata di Burano, famosa per la tradizione del merletto e per le sue vivaci case dai colori accesi, perfette per scattare foto indimenticabili. Un\u2019esperienza che unisce artigianato, bellezza e tranquillit\u00e0 insulare \u2014 ideale per chi desidera scoprire Venezia oltre le folle.<\/span><\/p>\n<p style=\"text-align: center;\"><span style=\"color: #000000;\">Tour Privato di Palazzo Ducale e Basilica di San Marco<\/span><\/p>\n<p style=\"text-align: center;\"><span style=\"color: #000000;\">Immergetevi nello splendore dell\u2019et\u00e0 d\u2019oro di Venezia con una visita guidata privata ai suoi monumenti pi\u00f9 iconici. Ammirate i mosaici scintillanti e i dettagli preziosi della Basilica di San Marco, poi entrate nell\u2019opulento mondo del Palazzo Ducale \u2014 tra sale sontuose, antichi tribunali e il celebre Ponte dei Sospiri. Un tour che vi far\u00e0 rivivere la potenza politica, l\u2019arte e il mistero che hanno plasmato la Serenissima.<\/span><\/p>\n<p>&nbsp;<\/p>\n<p><img loading=\"lazy\" decoding=\"async\" class=\"aligncenter wp-image-312741 size-large\" src=\"https:\/\/nestitaly.com\/wp-content\/smush-webp\/2025\/10\/IMG_1112389381364912-2-1024x679.jpg.webp\" alt=\"\" width=\"840\" height=\"557\" srcset=\"https:\/\/nestitaly.com\/wp-content\/smush-webp\/2025\/10\/IMG_1112389381364912-2-1024x679.jpg.webp 1024w, https:\/\/nestitaly.com\/wp-content\/smush-webp\/2025\/10\/IMG_1112389381364912-2-300x199.jpg.webp 300w, https:\/\/nestitaly.com\/wp-content\/smush-webp\/2025\/10\/IMG_1112389381364912-2-768x509.jpg.webp 768w, https:\/\/nestitaly.com\/wp-content\/smush-webp\/2025\/10\/IMG_1112389381364912-2-1536x1019.jpg.webp 1536w, https:\/\/nestitaly.com\/wp-content\/smush-webp\/2025\/10\/IMG_1112389381364912-2-600x398.jpg.webp 600w, https:\/\/nestitaly.com\/wp-content\/smush-webp\/2025\/10\/IMG_1112389381364912-2.jpg.webp 2048w\" sizes=\"auto, (max-width: 840px) 100vw, 840px\" data-smush-webp-fallback=\"{&quot;src&quot;:&quot;https:\\\/\\\/nestitaly.com\\\/wp-content\\\/uploads\\\/2025\\\/10\\\/IMG_1112389381364912-2-1024x679.jpg&quot;,&quot;srcset&quot;:&quot;https:\\\/\\\/nestitaly.com\\\/wp-content\\\/uploads\\\/2025\\\/10\\\/IMG_1112389381364912-2-1024x679.jpg 1024w, https:\\\/\\\/nestitaly.com\\\/wp-content\\\/uploads\\\/2025\\\/10\\\/IMG_1112389381364912-2-300x199.jpg 300w, https:\\\/\\\/nestitaly.com\\\/wp-content\\\/uploads\\\/2025\\\/10\\\/IMG_1112389381364912-2-768x509.jpg 768w, https:\\\/\\\/nestitaly.com\\\/wp-content\\\/uploads\\\/2025\\\/10\\\/IMG_1112389381364912-2-1536x1019.jpg 1536w, https:\\\/\\\/nestitaly.com\\\/wp-content\\\/uploads\\\/2025\\\/10\\\/IMG_1112389381364912-2-600x398.jpg 600w, https:\\\/\\\/nestitaly.com\\\/wp-content\\\/uploads\\\/2025\\\/10\\\/IMG_1112389381364912-2.jpg 2048w&quot;}\" \/><\/p>\n<p>&nbsp;<\/p>\n<p style=\"text-align: center;\"><span style=\"color: #000000;\"><strong>ROMA<\/strong><\/span><\/p>\n<p>&nbsp;<\/p>\n<p style=\"text-align: center;\"><span style=\"color: #000000;\">Tour Privato dei Musei Vaticani, Cappella Sistina e Basilica di San Pietro<\/span><\/p>\n<p style=\"text-align: center;\"><span style=\"color: #000000;\">Godetevi l\u2019accesso prioritario e scoprite una delle collezioni d\u2019arte pi\u00f9 straordinarie al mondo in totale comfort. Con la vostra guida privata esplorerete sculture antiche, capolavori rinascimentali e gli affreschi iconici di Michelangelo nella Cappella Sistina. Concluderete la visita all\u2019interno della Basilica di San Pietro, dove vi attendono tesori come la Piet\u00e0 e il maestoso Baldacchino del Bernini. Un viaggio indimenticabile attraverso storia, fede e genio artistico \u2014 tutto in un\u2019unica straordinaria esperienza.<\/span><\/p>\n<p style=\"text-align: center;\"><span style=\"color: #000000;\">Tour Privato del Colosseo, Palatino e Foro Romano<\/span><\/p>\n<p style=\"text-align: center;\"><span style=\"color: #000000;\">Questo tour privato personalizzato vi permetter\u00e0 di esplorare i luoghi pi\u00f9 iconici dell\u2019antica Roma: il Colosseo e il Foro Romano. Dopo aver incontrato la vostra guida, entrerete nel Colosseo per scoprire i segreti delle battaglie dei gladiatori e dell\u2019ingegneria romana. Dal secondo livello potrete ammirare l\u2019arena, il posto dell\u2019imperatore e i seggi in marmo dei senatori. Proseguendo oltre l\u2019Arco di Costantino, raggiungerete il Foro Romano \u2014 cuore della vita politica e sociale dell\u2019antica Roma \u2014 con tappe come il luogo della cremazione di Giulio Cesare, il Tempio di Antonino e Faustina e l\u2019antico Senato.<\/span><\/p>\n<p style=\"text-align: center;\"><span style=\"color: #000000;\">Tour Privato del Vaticano all\u2019Alba con Pick-Up in Hotel<\/span><\/p>\n<p style=\"text-align: center;\"><span style=\"color: #000000;\">Accedete ai tesori del Vaticano in totale tranquillit\u00e0, prima dell\u2019arrivo dei visitatori. Dopo il pick-up in hotel, incontrerete la vostra guida e salterete la fila per iniziare la visita da una terrazza panoramica con vista sulla Cupola di San Pietro. All\u2019interno dei musei scoprirete capolavori come il Laocoonte nel Museo Pio Clementino, la Galleria degli Arazzi e la Galleria delle Carte Geografiche. Il tour prosegue nella Cappella Sistina e si conclude nella Basilica di San Pietro, dove ammirerete la Piet\u00e0 di Michelangelo e il Baldacchino del Bernini.<\/span><\/p>\n<p style=\"text-align: center;\"><span style=\"color: #000000;\">Tour Privato di Roma in Un Giorno<\/span><\/p>\n<p style=\"text-align: center;\"><span style=\"color: #000000;\">Perfetto per chi ha poco tempo, questo tour di un\u2019intera giornata vi permetter\u00e0 di scoprire tutte le principali meraviglie di Roma. Si inizia dal Colosseo e dal Foro Romano, dove la vostra guida far\u00e0 rivivere l\u2019antica Roma. Poi, in taxi (non incluso), raggiungerete i Musei Vaticani, dove salterete la fila per ammirare le opere di Michelangelo, Raffaello, Botticelli e molti altri. La Cappella Sistina e la Basilica di San Pietro saranno i momenti culminanti del tour. Dopo la pausa pranzo in una trattoria tradizionale (non inclusa), visiterete Piazza Navona, il Pantheon e concluderete la giornata lanciando una moneta nella Fontana di Trevi.<\/span><\/p>\n<p>&nbsp;<\/p>\n<p style=\"text-align: center;\"><span style=\"color: #000000;\"><strong><img loading=\"lazy\" decoding=\"async\" class=\"aligncenter wp-image-312737 size-large\" src=\"https:\/\/nestitaly.com\/wp-content\/smush-webp\/2025\/10\/IMG_231234238462934249-2-1024x683.jpg.webp\" alt=\"\" width=\"840\" height=\"560\" srcset=\"https:\/\/nestitaly.com\/wp-content\/smush-webp\/2025\/10\/IMG_231234238462934249-2-1024x683.jpg.webp 1024w, https:\/\/nestitaly.com\/wp-content\/smush-webp\/2025\/10\/IMG_231234238462934249-2-300x200.jpg.webp 300w, https:\/\/nestitaly.com\/wp-content\/smush-webp\/2025\/10\/IMG_231234238462934249-2-768x512.jpg.webp 768w, https:\/\/nestitaly.com\/wp-content\/smush-webp\/2025\/10\/IMG_231234238462934249-2-1536x1024.jpg.webp 1536w, https:\/\/nestitaly.com\/wp-content\/smush-webp\/2025\/10\/IMG_231234238462934249-2-450x300.jpg.webp 450w, https:\/\/nestitaly.com\/wp-content\/smush-webp\/2025\/10\/IMG_231234238462934249-2-600x400.jpg.webp 600w, https:\/\/nestitaly.com\/wp-content\/smush-webp\/2025\/10\/IMG_231234238462934249-2.jpg.webp 2048w\" sizes=\"auto, (max-width: 840px) 100vw, 840px\" data-smush-webp-fallback=\"{&quot;src&quot;:&quot;https:\\\/\\\/nestitaly.com\\\/wp-content\\\/uploads\\\/2025\\\/10\\\/IMG_231234238462934249-2-1024x683.jpg&quot;,&quot;srcset&quot;:&quot;https:\\\/\\\/nestitaly.com\\\/wp-content\\\/uploads\\\/2025\\\/10\\\/IMG_231234238462934249-2-1024x683.jpg 1024w, https:\\\/\\\/nestitaly.com\\\/wp-content\\\/uploads\\\/2025\\\/10\\\/IMG_231234238462934249-2-300x200.jpg 300w, https:\\\/\\\/nestitaly.com\\\/wp-content\\\/uploads\\\/2025\\\/10\\\/IMG_231234238462934249-2-768x512.jpg 768w, https:\\\/\\\/nestitaly.com\\\/wp-content\\\/uploads\\\/2025\\\/10\\\/IMG_231234238462934249-2-1536x1024.jpg 1536w, https:\\\/\\\/nestitaly.com\\\/wp-content\\\/uploads\\\/2025\\\/10\\\/IMG_231234238462934249-2-450x300.jpg 450w, https:\\\/\\\/nestitaly.com\\\/wp-content\\\/uploads\\\/2025\\\/10\\\/IMG_231234238462934249-2-600x400.jpg 600w, https:\\\/\\\/nestitaly.com\\\/wp-content\\\/uploads\\\/2025\\\/10\\\/IMG_231234238462934249-2.jpg 2048w&quot;}\" \/><\/strong><\/span><\/p>\n<p>&nbsp;<\/p>\n<p style=\"text-align: center;\"><span style=\"color: #000000;\"><strong>FIRENZE<\/strong><\/span><\/p>\n<p>&nbsp;<\/p>\n<p style=\"text-align: center;\"><span style=\"color: #000000;\">Tour Privato degli Uffizi e dell\u2019Accademia con il David di Michelangelo<\/span><\/p>\n<p style=\"text-align: center;\"><span style=\"color: #000000;\">Questo tour privato \u00e8 un\u2019introduzione rapida ma intensa al patrimonio artistico di Firenze. In sole due ore agli Uffizi, la vostra guida vi accompagner\u00e0 tra i capolavori di Leonardo, Michelangelo, Botticelli, Raffaello e molti altri, arricchendo la visita con curiosit\u00e0 e approfondimenti. L\u2019accesso prioritario vi permetter\u00e0 di evitare le code e concentrarvi sulle opere essenziali. Successivamente, visiterete la Galleria dell\u2019Accademia per ammirare l\u2019iconico David di Michelangelo, insieme ad altre sculture.<\/span><\/p>\n<p>&nbsp;<\/p>\n<p><img loading=\"lazy\" decoding=\"async\" class=\"aligncenter wp-image-312729 size-large\" src=\"https:\/\/nestitaly.com\/wp-content\/smush-webp\/2025\/10\/IMG_938381283231212-2-1024x683.jpg.webp\" alt=\"\" width=\"840\" height=\"560\" srcset=\"https:\/\/nestitaly.com\/wp-content\/smush-webp\/2025\/10\/IMG_938381283231212-2-1024x683.jpg.webp 1024w, https:\/\/nestitaly.com\/wp-content\/smush-webp\/2025\/10\/IMG_938381283231212-2-300x200.jpg.webp 300w, https:\/\/nestitaly.com\/wp-content\/smush-webp\/2025\/10\/IMG_938381283231212-2-768x512.jpg.webp 768w, https:\/\/nestitaly.com\/wp-content\/smush-webp\/2025\/10\/IMG_938381283231212-2-1536x1024.jpg.webp 1536w, https:\/\/nestitaly.com\/wp-content\/smush-webp\/2025\/10\/IMG_938381283231212-2-450x300.jpg.webp 450w, https:\/\/nestitaly.com\/wp-content\/smush-webp\/2025\/10\/IMG_938381283231212-2-600x400.jpg.webp 600w, https:\/\/nestitaly.com\/wp-content\/smush-webp\/2025\/10\/IMG_938381283231212-2.jpg.webp 2048w\" sizes=\"auto, (max-width: 840px) 100vw, 840px\" data-smush-webp-fallback=\"{&quot;src&quot;:&quot;https:\\\/\\\/nestitaly.com\\\/wp-content\\\/uploads\\\/2025\\\/10\\\/IMG_938381283231212-2-1024x683.jpg&quot;,&quot;srcset&quot;:&quot;https:\\\/\\\/nestitaly.com\\\/wp-content\\\/uploads\\\/2025\\\/10\\\/IMG_938381283231212-2-1024x683.jpg 1024w, https:\\\/\\\/nestitaly.com\\\/wp-content\\\/uploads\\\/2025\\\/10\\\/IMG_938381283231212-2-300x200.jpg 300w, https:\\\/\\\/nestitaly.com\\\/wp-content\\\/uploads\\\/2025\\\/10\\\/IMG_938381283231212-2-768x512.jpg 768w, https:\\\/\\\/nestitaly.com\\\/wp-content\\\/uploads\\\/2025\\\/10\\\/IMG_938381283231212-2-1536x1024.jpg 1536w, https:\\\/\\\/nestitaly.com\\\/wp-content\\\/uploads\\\/2025\\\/10\\\/IMG_938381283231212-2-450x300.jpg 450w, https:\\\/\\\/nestitaly.com\\\/wp-content\\\/uploads\\\/2025\\\/10\\\/IMG_938381283231212-2-600x400.jpg 600w, https:\\\/\\\/nestitaly.com\\\/wp-content\\\/uploads\\\/2025\\\/10\\\/IMG_938381283231212-2.jpg 2048w&quot;}\" \/><\/p>\n<p>&nbsp;<\/p>\n<h5 style=\"text-align: center;\"><span style=\"color: #000000;\">Per maggiori informazioni: <a href=\"mailto:reservations@nestitaly.com\">reservations@nestitaly.com<\/a><\/span><\/h5>\n<p>[\/vc_column_text][\/vc_column][\/vc_row][vc_row el_id=&#8221;retreats&#8221;][vc_column][vc_empty_space height=&#8221;100px&#8221;][\/vc_column][\/vc_row]<\/p>\n","protected":false},"excerpt":{"rendered":"<p>[vc_row el_class=&#8221;ricerca&#8221; el_id=&#8221;ricerca&#8221;][vc_column][vc_custom_heading text=&#8221;Tour esclusivi in Italia&#8221; font_container=&#8221;tag:h2|font_size:34|text_align:center&#8221; use_theme_fonts=&#8221;yes&#8221; t_supro_heading=&#8221;&#8221; m_supro_heading=&#8221;&#8221; t_font_size=&#8221;30&#8243; m_font_size=&#8221;24&#8243; css=&#8221;.vc_custom_1761728116851{margin-top: 0px !important;margin-bottom: 0px !important;}&#8221;][vc_empty_space height=&#8221;80px&#8221;][vc_single_image image=&#8221;312740&#8243; img_size=&#8221;large&#8221; alignment=&#8221;center&#8221;][vc_empty_space height=&#8221;80px&#8221;][vc_column_text] Scoprite l\u2019Italia Oltre le Guide Turistiche &nbsp; Da Nest Italy, crediamo che viaggiare debba essere un\u2019esperienza personale, significativa e curata nei minimi dettagli. Per questo collaboriamo con un team selezionato di guide [&hellip;]<\/p>\n","protected":false},"author":230,"featured_media":0,"parent":0,"menu_order":0,"comment_status":"closed","ping_status":"closed","template":"","meta":{"_acf_changed":false,"inline_featured_image":false,"footnotes":""},"class_list":["post-313260","page","type-page","status-publish","hentry","no-thumb"],"acf":[],"_links":{"self":[{"href":"https:\/\/nestitaly.com\/it\/wp-json\/wp\/v2\/pages\/313260","targetHints":{"allow":["GET"]}}],"collection":[{"href":"https:\/\/nestitaly.com\/it\/wp-json\/wp\/v2\/pages"}],"about":[{"href":"https:\/\/nestitaly.com\/it\/wp-json\/wp\/v2\/types\/page"}],"author":[{"embeddable":true,"href":"https:\/\/nestitaly.com\/it\/wp-json\/wp\/v2\/users\/230"}],"replies":[{"embeddable":true,"href":"https:\/\/nestitaly.com\/it\/wp-json\/wp\/v2\/comments?post=313260"}],"version-history":[{"count":8,"href":"https:\/\/nestitaly.com\/it\/wp-json\/wp\/v2\/pages\/313260\/revisions"}],"predecessor-version":[{"id":313268,"href":"https:\/\/nestitaly.com\/it\/wp-json\/wp\/v2\/pages\/313260\/revisions\/313268"}],"wp:attachment":[{"href":"https:\/\/nestitaly.com\/it\/wp-json\/wp\/v2\/media?parent=313260"}],"curies":[{"name":"wp","href":"https:\/\/api.w.org\/{rel}","templated":true}]}}