{"id":58379,"date":"2021-03-16T12:18:08","date_gmt":"2021-03-16T11:18:08","guid":{"rendered":"https:\/\/nestitaly.com\/carrara-marble\/"},"modified":"2023-03-31T12:44:45","modified_gmt":"2023-03-31T10:44:45","slug":"carrara-marble","status":"publish","type":"page","link":"https:\/\/nestitaly.com\/it\/carrara-marble\/","title":{"rendered":"Marmo di Carrara"},"content":{"rendered":"<p>[vc_row el_class=&#8221;ricerca&#8221; el_id=&#8221;ricerca&#8221;][vc_column][vc_custom_heading text=&#8221;Esperienza con il Marmo di Carrara&#8221; font_container=&#8221;tag:h2|font_size:34|text_align:center&#8221; use_theme_fonts=&#8221;yes&#8221; t_supro_heading=&#8221;&#8221; m_supro_heading=&#8221;&#8221; t_font_size=&#8221;30&#8243; m_font_size=&#8221;24&#8243; css=&#8221;.vc_custom_1615895075335{margin-top: 0px !important;margin-bottom: 0px !important;}&#8221;][vc_empty_space height=&#8221;80px&#8221;][vc_single_image image=&#8221;58374&#8243; img_size=&#8221;large&#8221; alignment=&#8221;center&#8221;][vc_empty_space height=&#8221;80px&#8221;][vc_column_text]<\/p>\n<h5 style=\"text-align: center;\"><span style=\"color: #000000;\">Visita un museo all&#8217;aperto che contiene 2000 anni di storia.<\/span><\/h5>\n<p style=\"text-align: center;\"><span style=\"color: #000000;\">Il tour \u00e8 diviso in due parti:<\/span><\/p>\n<p style=\"text-align: center;\"><span style=\"color: #000000;\">1) Visita un museo privato, dove, per chi vuole visitare le Cave e Carrara, \u00e8 una tappa fondamentale per conoscere questi luoghi. Un viaggio storico e sociale davvero emozionante che racconta il duro lavoro dei cavatori fino agli anni &#8217;70.<\/span><\/p>\n<h5 style=\"text-align: center;\"><span style=\"color: #000000;\">Durata: 45 minuti<\/span><\/h5>\n<p style=\"text-align: center;\"><span style=\"color: #000000;\">2) La seconda parte del tour vi porter\u00e0 a bordo di una jeep 4&#215;4, che servir\u00e0 per raggiungere una quota di 1000 metri dove potrete ammirare una vista che dalle montagne va verso il mare (vista delle isole di fronte e delle Cinque Terre).<br \/>\nVerrete accompagnati dalla spiegazione di una guida certificata a livello nazionale, che illustrer\u00e0 sia la parte panoramica, ma soprattutto spiegher\u00e0 cos&#8217;\u00e8 la lavorazione del marmo dagli anni &#8217;80 in poi, quando la tecnologia ha sostituito la manodopera.<\/span><\/p>\n<h5 style=\"text-align: center;\"><span style=\"color: #000000;\">Durata: 1 ora<\/span><\/h5>\n<h5 style=\"text-align: center;\"><span style=\"color: #000000;\">Costo del biglietto: \u20ac 40 a persona &#8211; Include: 2 visite guidate e veicoli (jeep).<\/span><\/h5>\n<p style=\"text-align: center;\"><span style=\"color: #000000;\">Importante sapere:<\/span><br \/>\n<span style=\"color: #000000;\">Orario di ritrovo: 17.30 \/ 17.45<\/span><br \/>\n<span style=\"color: #000000;\">Prenotazione obbligatoria<\/span><\/p>\n<h5 style=\"text-align: center;\"><span style=\"color: #000000;\">Per prenotare il tuo tour: info@nestitaly.com<\/span><\/h5>\n<p>[\/vc_column_text][\/vc_column][\/vc_row][vc_row el_id=&#8221;retreats&#8221;][vc_column][vc_empty_space height=&#8221;100px&#8221;][\/vc_column][\/vc_row]<\/p>\n","protected":false},"excerpt":{"rendered":"<p>[vc_row el_class=&#8221;ricerca&#8221; el_id=&#8221;ricerca&#8221;][vc_column][vc_custom_heading text=&#8221;Esperienza con il Marmo di Carrara&#8221; font_container=&#8221;tag:h2|font_size:34|text_align:center&#8221; use_theme_fonts=&#8221;yes&#8221; t_supro_heading=&#8221;&#8221; m_supro_heading=&#8221;&#8221; t_font_size=&#8221;30&#8243; m_font_size=&#8221;24&#8243; css=&#8221;.vc_custom_1615895075335{margin-top: 0px !important;margin-bottom: 0px !important;}&#8221;][vc_empty_space height=&#8221;80px&#8221;][vc_single_image image=&#8221;58374&#8243; img_size=&#8221;large&#8221; alignment=&#8221;center&#8221;][vc_empty_space height=&#8221;80px&#8221;][vc_column_text] Visita un museo all&#8217;aperto che contiene 2000 anni di storia. Il tour \u00e8 diviso in due parti: 1) Visita un museo privato, dove, per chi vuole visitare le Cave e [&hellip;]<\/p>\n","protected":false},"author":1,"featured_media":0,"parent":0,"menu_order":0,"comment_status":"closed","ping_status":"closed","template":"","meta":{"_acf_changed":false,"inline_featured_image":false,"footnotes":""},"class_list":["post-58379","page","type-page","status-publish","hentry","no-thumb"],"acf":[],"_links":{"self":[{"href":"https:\/\/nestitaly.com\/it\/wp-json\/wp\/v2\/pages\/58379","targetHints":{"allow":["GET"]}}],"collection":[{"href":"https:\/\/nestitaly.com\/it\/wp-json\/wp\/v2\/pages"}],"about":[{"href":"https:\/\/nestitaly.com\/it\/wp-json\/wp\/v2\/types\/page"}],"author":[{"embeddable":true,"href":"https:\/\/nestitaly.com\/it\/wp-json\/wp\/v2\/users\/1"}],"replies":[{"embeddable":true,"href":"https:\/\/nestitaly.com\/it\/wp-json\/wp\/v2\/comments?post=58379"}],"version-history":[{"count":1,"href":"https:\/\/nestitaly.com\/it\/wp-json\/wp\/v2\/pages\/58379\/revisions"}],"predecessor-version":[{"id":263372,"href":"https:\/\/nestitaly.com\/it\/wp-json\/wp\/v2\/pages\/58379\/revisions\/263372"}],"wp:attachment":[{"href":"https:\/\/nestitaly.com\/it\/wp-json\/wp\/v2\/media?parent=58379"}],"curies":[{"name":"wp","href":"https:\/\/api.w.org\/{rel}","templated":true}]}}