{"id":58414,"date":"2021-03-16T21:43:15","date_gmt":"2021-03-16T20:43:15","guid":{"rendered":"https:\/\/nestitaly.com\/experience-tavolata-trabucco\/"},"modified":"2021-03-16T21:51:36","modified_gmt":"2021-03-16T20:51:36","slug":"experience-tavolata-trabucco","status":"publish","type":"page","link":"https:\/\/nestitaly.com\/it\/experience-tavolata-trabucco\/","title":{"rendered":"Tavolata in un Trabucco"},"content":{"rendered":"<p>[vc_row el_class=&#8221;ricerca&#8221; el_id=&#8221;ricerca&#8221;][vc_column][vc_custom_heading text=&#8221;Esperienza in Trabucco&#8221; font_container=&#8221;tag:h2|font_size:34|text_align:center&#8221; use_theme_fonts=&#8221;yes&#8221; t_supro_heading=&#8221;&#8221; m_supro_heading=&#8221;&#8221; t_font_size=&#8221;30&#8243; m_font_size=&#8221;24&#8243; css=&#8221;.vc_custom_1615927631722{margin-top: 0px !important;margin-bottom: 0px !important;}&#8221;][vc_empty_space height=&#8221;80px&#8221;][vc_single_image image=&#8221;58411&#8243; img_size=&#8221;large&#8221; alignment=&#8221;center&#8221;][vc_empty_space height=&#8221;80px&#8221;][vc_column_text]<\/p>\n<h5 style=\"text-align: center;\"><span style=\"color: #000000;\">Il trabucco \u00e8 un&#8217;antica struttura da pesca tipica delle coste dell&#8217;Abruzzo e della Puglia.<\/span><\/h5>\n<p style=\"text-align: center;\"><span style=\"color: #000000;\">Mangia del pesce eccezionale in un Trabucco situato sulla costa rocciosa di Punta San Nicola, uno dei tratti di costa pi\u00f9 belli del Parco Nazionale del Gargano, vicino alla citt\u00e0 di Peschici.<\/span><\/p>\n<p style=\"text-align: center;\"><span style=\"color: #000000;\">Una terra ricca di splendore famosa per i suoi trabucchi: ingegnose architetture in legno sospese sul mare e utilizzate per la pesca.<\/span><\/p>\n<p style=\"text-align: center;\"><span style=\"color: #000000;\">Da cinque generazioni questo storico impianto da pesca \u00e8 di propriet\u00e0 di una famiglia, che dal 1975 lo ha trasformato in un rinomato ristorante, magico ed accogliente.<\/span><\/p>\n<p style=\"text-align: center;\"><span style=\"color: #000000;\">Negli anni la struttura originaria \u00e8 stata ampliata, permettendo di sperimentare la cucina tradizionale e gustare il fresco pescato giornaliero direttamente dal mare.<\/span><\/p>\n<p style=\"text-align: center;\"><span style=\"color: #000000;\">Il ristorante \u00e8 rinomato per la sua unicit\u00e0, l&#8217;armonia che ha con l&#8217;ambiente circostante e la sua eccellente ospitalit\u00e0.<\/span><\/p>\n<p style=\"text-align: center;\"><span style=\"color: #000000;\">Non solo pranzi, cene e aperitivi, ma anche eventi culturali e musica dal vivo. Il Trabucco dispone anche di comode soluzioni abitative, per chi desidera vivere appieno il fascino della costa orientale della Puglia. In estate, puoi vedere il sole sorgere e tramontare sul mare.<\/span><\/p>\n<h5 style=\"text-align: center;\"><span style=\"color: #000000;\">Prenota la tua cena privata o esperienza scrivendoci a tavolata@nestitaly.com<\/span><\/h5>\n<p>[\/vc_column_text][\/vc_column][\/vc_row][vc_row el_id=&#8221;retreats&#8221;][vc_column][vc_empty_space height=&#8221;100px&#8221;][\/vc_column][\/vc_row][vc_row][vc_column][vc_custom_heading text=&#8221;Retreats closed by&#8221; font_container=&#8221;tag:h2|font_size:34|text_align:center&#8221; use_theme_fonts=&#8221;yes&#8221; t_supro_heading=&#8221;&#8221; m_supro_heading=&#8221;&#8221; t_font_size=&#8221;30&#8243; m_font_size=&#8221;24&#8243; css=&#8221;.vc_custom_1613603949933{margin-top: 0px !important;margin-bottom: 0px !important;}&#8221;][vc_empty_space height=&#8221;30px&#8221;][\/vc_column][\/vc_row][vc_row][vc_column][vc_basic_grid post_type=&#8221;portfolio&#8221; max_items=&#8221;999&#8243; style=&#8221;load-more&#8221; items_per_page=&#8221;6&#8243; order=&#8221;ASC&#8221; item=&#8221;1249&#8243; grid_id=&#8221;vc_gid:1615927606745-2437ae81-8cce-2&#8243; taxonomies=&#8221;229&#8243;][\/vc_column][\/vc_row]<\/p>\n","protected":false},"excerpt":{"rendered":"<p>[vc_row el_class=&#8221;ricerca&#8221; el_id=&#8221;ricerca&#8221;][vc_column][vc_custom_heading text=&#8221;Esperienza in Trabucco&#8221; font_container=&#8221;tag:h2|font_size:34|text_align:center&#8221; use_theme_fonts=&#8221;yes&#8221; t_supro_heading=&#8221;&#8221; m_supro_heading=&#8221;&#8221; t_font_size=&#8221;30&#8243; m_font_size=&#8221;24&#8243; css=&#8221;.vc_custom_1615927631722{margin-top: 0px !important;margin-bottom: 0px !important;}&#8221;][vc_empty_space height=&#8221;80px&#8221;][vc_single_image image=&#8221;58411&#8243; img_size=&#8221;large&#8221; alignment=&#8221;center&#8221;][vc_empty_space height=&#8221;80px&#8221;][vc_column_text] Il trabucco \u00e8 un&#8217;antica struttura da pesca tipica delle coste dell&#8217;Abruzzo e della Puglia. Mangia del pesce eccezionale in un Trabucco situato sulla costa rocciosa di Punta San Nicola, uno dei tratti di [&hellip;]<\/p>\n","protected":false},"author":1,"featured_media":0,"parent":0,"menu_order":0,"comment_status":"closed","ping_status":"closed","template":"","meta":{"_acf_changed":false,"inline_featured_image":false,"footnotes":""},"class_list":["post-58414","page","type-page","status-publish","hentry","no-thumb"],"acf":[],"_links":{"self":[{"href":"https:\/\/nestitaly.com\/it\/wp-json\/wp\/v2\/pages\/58414","targetHints":{"allow":["GET"]}}],"collection":[{"href":"https:\/\/nestitaly.com\/it\/wp-json\/wp\/v2\/pages"}],"about":[{"href":"https:\/\/nestitaly.com\/it\/wp-json\/wp\/v2\/types\/page"}],"author":[{"embeddable":true,"href":"https:\/\/nestitaly.com\/it\/wp-json\/wp\/v2\/users\/1"}],"replies":[{"embeddable":true,"href":"https:\/\/nestitaly.com\/it\/wp-json\/wp\/v2\/comments?post=58414"}],"version-history":[{"count":0,"href":"https:\/\/nestitaly.com\/it\/wp-json\/wp\/v2\/pages\/58414\/revisions"}],"wp:attachment":[{"href":"https:\/\/nestitaly.com\/it\/wp-json\/wp\/v2\/media?parent=58414"}],"curies":[{"name":"wp","href":"https:\/\/api.w.org\/{rel}","templated":true}]}}