{"id":59416,"date":"2021-03-20T18:43:25","date_gmt":"2021-03-20T17:43:25","guid":{"rendered":"https:\/\/nestitaly.com\/experience-acetaia-vinegar-factory-modena\/"},"modified":"2021-03-20T18:56:34","modified_gmt":"2021-03-20T17:56:34","slug":"experience-acetaia-vinegar-factory-modena","status":"publish","type":"page","link":"https:\/\/nestitaly.com\/it\/experience-acetaia-vinegar-factory-modena\/","title":{"rendered":"Esperienza in Acetaia"},"content":{"rendered":"<p>[vc_row el_class=&#8221;ricerca&#8221; el_id=&#8221;ricerca&#8221;][vc_column][vc_custom_heading text=&#8221;Esperienza in Acetaia a Modena &#8221; font_container=&#8221;tag:h2|font_size:34|text_align:center&#8221; use_theme_fonts=&#8221;yes&#8221; t_supro_heading=&#8221;&#8221; m_supro_heading=&#8221;&#8221; t_font_size=&#8221;30&#8243; m_font_size=&#8221;24&#8243; css=&#8221;.vc_custom_1616262782566{margin-top: 0px !important;margin-bottom: 0px !important;}&#8221;][vc_empty_space height=&#8221;80px&#8221;][vc_single_image image=&#8221;59399&#8243; img_size=&#8221;large&#8221; alignment=&#8221;center&#8221;][vc_empty_space height=&#8221;80px&#8221;][vc_column_text]<\/p>\n<h5 style=\"text-align: center;\"><span style=\"color: #000000;\">L&#8217;acetaia con cui collaboriamo \u00e8 incastonata tra le suggestive colline di Villabianca a Modena. Una zona libera dall&#8217;inquinamento industriale, immersa nel verde dei vigneti e degli oliveti. Qui il susseguirsi degli eventi meteorologici ripete, inalterato, l&#8217;antico processo che per secoli \u00e8 servito da supporto essenziale alla naturale produzione e maturazione di uno straordinario aceto balsamico oggi venduto in tutto il mondo.<\/span><\/h5>\n<p>&nbsp;<\/p>\n<p style=\"text-align: center;\"><span style=\"color: #000000;\">Potrete scegliere le seguenti esperienze:<\/span><\/p>\n<p style=\"text-align: center;\"><span style=\"color: #000000;\">1) <strong>VISITA CLASSICA:<\/strong> tour dell\u2019acetaia con spiegazione dell\u2019intero ciclo produttivo dell\u2019Aceto Balsamico di Modena, dai vigneti fino al prodotto finito. Degustazione di 5 diverse tipologie di Balsamico.<\/span><\/p>\n<h5 style=\"text-align: center;\"><span style=\"color: #000000;\">\u20ac 25,00 a persona<\/span><\/h5>\n<p style=\"text-align: center;\"><span style=\"color: #000000;\"><strong>2) VISITA FOOD EXPERIENCE + PRANZO:<\/strong> Tour dell\u2019acetaia come sopra.<\/span><\/p>\n<p style=\"text-align: center;\"><span style=\"color: #000000;\">A seguire, pranzo\/cena in agriturismo con men\u00f9 degustazione. Il men\u00f9 comprende: antipasto, primo, secondo, dessert, vino Lambrusco Grasparossa km0, acqua e caff\u00e8.<\/span><\/p>\n<h5 style=\"text-align: center;\"><span style=\"color: #000000;\">\u20ac 70,00 a persona<\/span><\/h5>\n<p style=\"text-align: center;\"><span style=\"color: #000000;\">Per prenotare il tuo tour: <a style=\"color: #000000;\" href=\"mailto:info@nestitaly.com\">info@nestitaly.com<\/a><\/span><\/p>\n<p>[\/vc_column_text][\/vc_column][\/vc_row][vc_row el_id=&#8221;retreats&#8221;][vc_column][vc_empty_space height=&#8221;100px&#8221;][\/vc_column][\/vc_row]<\/p>\n","protected":false},"excerpt":{"rendered":"<p>[vc_row el_class=&#8221;ricerca&#8221; el_id=&#8221;ricerca&#8221;][vc_column][vc_custom_heading text=&#8221;Esperienza in Acetaia a Modena &#8221; font_container=&#8221;tag:h2|font_size:34|text_align:center&#8221; use_theme_fonts=&#8221;yes&#8221; t_supro_heading=&#8221;&#8221; m_supro_heading=&#8221;&#8221; t_font_size=&#8221;30&#8243; m_font_size=&#8221;24&#8243; css=&#8221;.vc_custom_1616262782566{margin-top: 0px !important;margin-bottom: 0px !important;}&#8221;][vc_empty_space height=&#8221;80px&#8221;][vc_single_image image=&#8221;59399&#8243; img_size=&#8221;large&#8221; alignment=&#8221;center&#8221;][vc_empty_space height=&#8221;80px&#8221;][vc_column_text] L&#8217;acetaia con cui collaboriamo \u00e8 incastonata tra le suggestive colline di Villabianca a Modena. Una zona libera dall&#8217;inquinamento industriale, immersa nel verde dei vigneti e degli oliveti. Qui il susseguirsi [&hellip;]<\/p>\n","protected":false},"author":1,"featured_media":0,"parent":0,"menu_order":0,"comment_status":"closed","ping_status":"closed","template":"","meta":{"_acf_changed":false,"inline_featured_image":false,"footnotes":""},"class_list":["post-59416","page","type-page","status-publish","hentry","no-thumb"],"acf":[],"_links":{"self":[{"href":"https:\/\/nestitaly.com\/it\/wp-json\/wp\/v2\/pages\/59416","targetHints":{"allow":["GET"]}}],"collection":[{"href":"https:\/\/nestitaly.com\/it\/wp-json\/wp\/v2\/pages"}],"about":[{"href":"https:\/\/nestitaly.com\/it\/wp-json\/wp\/v2\/types\/page"}],"author":[{"embeddable":true,"href":"https:\/\/nestitaly.com\/it\/wp-json\/wp\/v2\/users\/1"}],"replies":[{"embeddable":true,"href":"https:\/\/nestitaly.com\/it\/wp-json\/wp\/v2\/comments?post=59416"}],"version-history":[{"count":0,"href":"https:\/\/nestitaly.com\/it\/wp-json\/wp\/v2\/pages\/59416\/revisions"}],"wp:attachment":[{"href":"https:\/\/nestitaly.com\/it\/wp-json\/wp\/v2\/media?parent=59416"}],"curies":[{"name":"wp","href":"https:\/\/api.w.org\/{rel}","templated":true}]}}