{"id":61231,"date":"2021-04-06T19:10:43","date_gmt":"2021-04-06T17:10:43","guid":{"rendered":"https:\/\/nestitaly.com\/venissa-experience\/"},"modified":"2021-04-06T19:20:09","modified_gmt":"2021-04-06T17:20:09","slug":"venissa-experience","status":"publish","type":"page","link":"https:\/\/nestitaly.com\/it\/venissa-experience\/","title":{"rendered":"Venissa"},"content":{"rendered":"<p>[vc_row el_class=&#8221;ricerca&#8221; el_id=&#8221;ricerca&#8221;][vc_column][vc_custom_heading text=&#8221;Venissa&#8221; font_container=&#8221;tag:h2|font_size:34|text_align:center&#8221; use_theme_fonts=&#8221;yes&#8221; t_supro_heading=&#8221;&#8221; m_supro_heading=&#8221;&#8221; t_font_size=&#8221;30&#8243; m_font_size=&#8221;24&#8243; css=&#8221;.vc_custom_1617729136603{margin-top: 0px !important;margin-bottom: 0px !important;}&#8221;][vc_empty_space height=&#8221;80px&#8221;][vc_single_image image=&#8221;61225&#8243; img_size=&#8221;large&#8221; alignment=&#8221;center&#8221;][vc_empty_space height=&#8221;80px&#8221;][vc_custom_heading text=&#8221;Esperienza Vinicola&#8221; font_container=&#8221;tag:h2|font_size:34|text_align:center&#8221; use_theme_fonts=&#8221;yes&#8221; t_supro_heading=&#8221;&#8221; m_supro_heading=&#8221;&#8221; t_font_size=&#8221;30&#8243; m_font_size=&#8221;24&#8243; css=&#8221;.vc_custom_1617729267121{margin-top: 0px !important;margin-bottom: 0px !important;}&#8221;][vc_empty_space height=&#8221;80px&#8221;][vc_column_text]<\/p>\n<p style=\"text-align: center;\"><span style=\"color: #000000;\">Per comprendere l&#8217;importanza della tradizione vitivinicola veneziana basta ricordare che piazza San Marco ospitava un vigneto fino all&#8217;anno 1100. Le prime tracce di viticoltura risalgono a pi\u00f9 di 2500 anni fa, e le isole della laguna furono sempre coltivate in ordine fornire una certa autosufficienza in una laguna la cui superficie \u00e8 coperta dall&#8217;acqua per il 92%. <\/span><\/p>\n<p style=\"text-align: center;\"><span style=\"color: #000000;\">Venissa nasce nel 2002, quando Gianluca Bisol vide un piccolo vigneto in un giardino di fronte alla Basilica di Santa Maria Assunta, la chiesa pi\u00f9 antica di tutta Venezia, situata sull&#8217;isola di Torcello. La sua curiosit\u00e0 fu stuzzicata e dopo aver conosciuto Nicoletta, che si occupava dell&#8217;orto, inizi\u00f2 a svolgere ricerche storiche e agronomiche sui vitigni. Scopr\u00ec che le isole venete avevano un&#8217;importante tradizione viticola e avevano sempre ospitato molti vigneti fino al 1966, anno della grande alluvione che distrusse i vigneti, facendo perdere ogni traccia di questa tradizione millenaria. Le ricerche da lui avviate hanno portato alla riscoperta di una variet\u00e0 autoctona, la Dorona di Venezia, che si era adattata nel corso dei secoli alle condizioni saline della laguna.<\/span><\/p>\n<p style=\"text-align: center;\"><span style=\"color: #000000;\">Nonostante il rischio che le acque alluvionali potessero distruggere il vigneto, come avvenne nel 1966, Gianluca Bisol decise di reimpiantare l&#8217;antica variet\u00e0, incoraggiato dalla storia della tenuta, che a partire dal 1300 fu impiantata a vigneto e divenne anche una cantina nel 1800 e ha continuato a produrre vino fino all&#8217;alluvione del 1966. Augusto Scarpa, proprietario della cantina tra la fine dell&#8217;Ottocento e l&#8217;inizio del Novecento, \u00e8 stato uno dei primi enologi italiani. <\/span><\/p>\n<p style=\"text-align: center;\"><span style=\"color: #000000;\">La prima annata di Venissa \u00e8 stata introdotta nel 2010; Ne sono state prodotte 4480 bottiglie, introducendo cos\u00ec Dorona di Venezia nelle pi\u00f9 importanti cantine del mondo. Negli anni successivi il Venissa \u00e8 diventato un vino cult e si \u00e8 classificato ai vertici delle pi\u00f9 importanti guide e pubblicazioni del settore enologico, anche grazie al crescente interesse per i vini macerati. La mineralit\u00e0 e le note forti del terroir salato della Venezia nativa sono ci\u00f2 che pi\u00f9 attrae gli amanti del vino. Nel 2011 \u00e8 stato introdotto per la prima volta il Rosso Venissa; \u00e8 prodotto da vitigni di Merlot e Cabernet Sauvignon coltivati \u200b\u200bnella vicina isola di Santa Cristina. Dallo stesso vigneto, nel 2013, nasce il Rosso Venusa.<\/span><\/p>\n<p style=\"text-align: center;\"><strong><span style=\"color: #000000;\"><span style=\"caret-color: #000000;\">Esperienza<\/span>\u00a0di Degustazione<\/span><\/strong><\/p>\n<p style=\"text-align: center;\"><strong><span style=\"color: #000000;\">Tour: 60 minuti<\/span><\/strong><\/p>\n<p style=\"text-align: center;\"><span style=\"color: #000000;\">Un&#8217;esperienza completamente coinvolgente. durante una passeggiata attraverso il vigneto circondato dalle mura medievali, l&#8217;ospite imparer\u00e0 la straordinaria storia dei vini unici di Venissa narrata dal loro ambasciatore del vino.<\/span><\/p>\n<p style=\"text-align: center;\"><span style=\"color: #000000;\">Il tour sar\u00e0 seguito da una degustazione di 4 vini, ognuno rappresentante la piena realt\u00e0 della loro elaborazione nel rispetto delle tradizioni di Venezia:<\/span><\/p>\n<p style=\"text-align: center;\"><span style=\"color: #000000;\">&#8211; Venissa bianco;<\/span><\/p>\n<p style=\"text-align: center;\"><span style=\"color: #000000;\">&#8211; Venissa rosso;<\/span><\/p>\n<p style=\"text-align: center;\"><span style=\"color: #000000;\">&#8211; Venusa bianco;<\/span><\/p>\n<p style=\"text-align: center;\"><span style=\"color: #000000;\">&#8211; Venusa rosso.<\/span><\/p>\n<p style=\"text-align: center;\"><strong><span style=\"color: #000000;\">Costo del biglietto: &#8211; euro 80<\/span><\/strong><\/p>\n<p style=\"text-align: center;\"><strong><span style=\"color: #000000;\">Per prenotare la tua esperienza: <a href=\"mailto:info@nestitaly.com\">info@nestitaly.com<\/a><\/span><\/strong><\/p>\n<p>[\/vc_column_text][\/vc_column][\/vc_row][vc_row el_id=&#8221;retreats&#8221;][vc_column][vc_empty_space height=&#8221;100px&#8221;][\/vc_column][\/vc_row]<\/p>\n","protected":false},"excerpt":{"rendered":"<p>[vc_row el_class=&#8221;ricerca&#8221; el_id=&#8221;ricerca&#8221;][vc_column][vc_custom_heading text=&#8221;Venissa&#8221; font_container=&#8221;tag:h2|font_size:34|text_align:center&#8221; use_theme_fonts=&#8221;yes&#8221; t_supro_heading=&#8221;&#8221; m_supro_heading=&#8221;&#8221; t_font_size=&#8221;30&#8243; m_font_size=&#8221;24&#8243; css=&#8221;.vc_custom_1617729136603{margin-top: 0px !important;margin-bottom: 0px !important;}&#8221;][vc_empty_space height=&#8221;80px&#8221;][vc_single_image image=&#8221;61225&#8243; img_size=&#8221;large&#8221; alignment=&#8221;center&#8221;][vc_empty_space height=&#8221;80px&#8221;][vc_custom_heading text=&#8221;Esperienza Vinicola&#8221; font_container=&#8221;tag:h2|font_size:34|text_align:center&#8221; use_theme_fonts=&#8221;yes&#8221; t_supro_heading=&#8221;&#8221; m_supro_heading=&#8221;&#8221; t_font_size=&#8221;30&#8243; m_font_size=&#8221;24&#8243; css=&#8221;.vc_custom_1617729267121{margin-top: 0px !important;margin-bottom: 0px !important;}&#8221;][vc_empty_space height=&#8221;80px&#8221;][vc_column_text] Per comprendere l&#8217;importanza della tradizione vitivinicola veneziana basta ricordare che piazza San Marco ospitava un vigneto fino all&#8217;anno 1100. Le prime [&hellip;]<\/p>\n","protected":false},"author":1,"featured_media":0,"parent":0,"menu_order":0,"comment_status":"closed","ping_status":"closed","template":"","meta":{"_acf_changed":false,"inline_featured_image":false,"footnotes":""},"class_list":["post-61231","page","type-page","status-publish","hentry","no-thumb"],"acf":[],"_links":{"self":[{"href":"https:\/\/nestitaly.com\/it\/wp-json\/wp\/v2\/pages\/61231","targetHints":{"allow":["GET"]}}],"collection":[{"href":"https:\/\/nestitaly.com\/it\/wp-json\/wp\/v2\/pages"}],"about":[{"href":"https:\/\/nestitaly.com\/it\/wp-json\/wp\/v2\/types\/page"}],"author":[{"embeddable":true,"href":"https:\/\/nestitaly.com\/it\/wp-json\/wp\/v2\/users\/1"}],"replies":[{"embeddable":true,"href":"https:\/\/nestitaly.com\/it\/wp-json\/wp\/v2\/comments?post=61231"}],"version-history":[{"count":0,"href":"https:\/\/nestitaly.com\/it\/wp-json\/wp\/v2\/pages\/61231\/revisions"}],"wp:attachment":[{"href":"https:\/\/nestitaly.com\/it\/wp-json\/wp\/v2\/media?parent=61231"}],"curies":[{"name":"wp","href":"https:\/\/api.w.org\/{rel}","templated":true}]}}