{"id":64493,"date":"2021-05-10T18:48:36","date_gmt":"2021-05-10T16:48:36","guid":{"rendered":"https:\/\/nestitaly.com\/cooking-class-tavolata-stay-in-puglia\/"},"modified":"2021-06-24T16:12:21","modified_gmt":"2021-06-24T14:12:21","slug":"cooking-class-tavolata-stay-in-puglia","status":"publish","type":"page","link":"https:\/\/nestitaly.com\/it\/cooking-class-tavolata-stay-in-puglia\/","title":{"rendered":"Corso di Cucina &#038; Tavolata + Soggiorno in un Palazzo in Puglia"},"content":{"rendered":"<p>[vc_row el_class=&#8221;ricerca&#8221; el_id=&#8221;ricerca&#8221;][vc_column][vc_custom_heading text=&#8221;Cooking Class + Tavolata + Stay in a Palazzo in Puglia&#8221; font_container=&#8221;tag:h2|font_size:34|text_align:center&#8221; use_theme_fonts=&#8221;yes&#8221; t_supro_heading=&#8221;&#8221; m_supro_heading=&#8221;&#8221; t_font_size=&#8221;30&#8243; m_font_size=&#8221;24&#8243; css=&#8221;.vc_custom_1620663828088{margin-top: 0px !important;margin-bottom: 0px !important;}&#8221;][vc_empty_space height=&#8221;80px&#8221;][vc_single_image image=&#8221;54401&#8243; img_size=&#8221;large&#8221; alignment=&#8221;center&#8221;][vc_empty_space height=&#8221;80px&#8221;][vc_column_text]<\/p>\n<h4 style=\"text-align: center;\"><span style=\"color: #000000;\">Vivi l&#8217;esperienza di un Design Boutique Palazzo in Puglia<\/span><\/h4>\n<p style=\"text-align: center;\"><span style=\"color: #000000;\">Dal momento in cui si entra nel Palazzo, si viene accolti dall&#8217;energia positiva e ospitale del personale.<\/span><br \/>\n<span style=\"color: #000000;\">Rimodernata da rinomati architetti, ispirata dall&#8217;idea di assenza, la propriet\u00e0 \u00e8 stata spogliata il pi\u00f9 possibile, restaurando elementi storici come gli affreschi decorati e la pavimentazione a mosaico per creare lo spazio per una collezione d&#8217;arte contemporanea intorno alla propriet\u00e0. Gli arredi monastici e le pareti spoglie rinforzano i soffitti con affreschi ottocenteschi. Ogni camera ha un&#8217;opera d&#8217;arte diversa. Antichi ritratti di famiglia si alternano a opere d&#8217;arte contemporanea.<\/span><\/p>\n<p style=\"text-align: center;\"><span style=\"color: #000000;\">Qui avrai l&#8217;incredibile opportunit\u00e0 di fare un corso di cucina con l&#8217;incredibile Chef Donata, goderti una Tavolata e la possibilit\u00e0 di soggiornare in questa incredibile propriet\u00e0.<\/span><\/p>\n<h5 style=\"text-align: center;\"><span style=\"color: #000000;\">Corso di cucina e Tavolata:<\/span><\/h5>\n<p style=\"text-align: center;\"><span style=\"color: #000000;\">Assapora l&#8217;autentica cucina pugliese in un divertente corso di cucina condotto dallo chef locale del Palazzo, Donata.<\/span><\/p>\n<p style=\"text-align: center;\"><span style=\"color: #000000;\">Immergiti nella tradizione delle orecchiette fresche pugliesi e non solo, scoprendo i suoi segreti!<\/span><\/p>\n<p style=\"text-align: center;\"><span style=\"color: #000000;\">Una volta che il tuo pasto \u00e8 pronto, goditi la tua Tavolata nella magica atmosfera del Palazzo.<\/span><\/p>\n<p style=\"text-align: center;\"><span style=\"color: #000000;\"><strong>L&#8217;esperienza include:<\/strong> 2 ore di \u201clezione di cucina\u201d con Donata e una cena privata circondati da lanterne nel bellissimo cortile.<\/span><\/p>\n<p style=\"text-align: center;\"><span style=\"color: #000000;\"><strong>SOGGIORNA AL <a style=\"color: #000000;\" href=\"https:\/\/nestitaly.com\/it\/offers\/palazzo-daniele\/\">PALAZZO<\/a><\/strong><\/span><\/p>\n<p style=\"text-align: center;\"><span style=\"color: #000000;\">Le suite dell&#8217;hotel, incorniciate da soffitti a volta, sono nello spirito monastico e arredate con minimalismo, progettate per aumentare l&#8217;impatto dei pezzi di design. Gli spazi in tutta la propriet\u00e0 invitano a un sentimento comune, incoraggiando gli ospiti a rilassarsi all\u2019interno davanti al caminetto del soggiorno, alla cucina a vista o all\u2019esterno nel vasto cortile all\u2019aperto, il fulcro architettonico del Palazzo. All\u2019esterno della propriet\u00e0, gli ospiti sono invitati a rinfrescarsi con una sessione nel bagno turco e nella sauna, crogiolarsi al sole della Puglia con una nuotata in piscina o concedersi una romantica cena a lume di candela per due nel recinto Kaffeehaus \u2013 un tempo luogo di incontro per il set aristocratico della zona.<\/span><\/p>\n<h5><span style=\"color: #000000;\"><img loading=\"lazy\" decoding=\"async\" class=\"aligncenter wp-image-64477 size-large\" src=\"https:\/\/nestitaly.com\/wp-content\/smush-webp\/2021\/05\/ph.Cosmo-Laera-2462.jpg.webp\" alt=\"donata\" width=\"683\" height=\"1024\" srcset=\"https:\/\/nestitaly.com\/wp-content\/smush-webp\/2021\/05\/ph.Cosmo-Laera-2462.jpg.webp 200w, https:\/\/nestitaly.com\/wp-content\/smush-webp\/2021\/05\/ph.Cosmo-Laera-2462.jpg.webp 683w, https:\/\/nestitaly.com\/wp-content\/smush-webp\/2021\/05\/ph.Cosmo-Laera-2462.jpg.webp 768w, https:\/\/nestitaly.com\/wp-content\/smush-webp\/2021\/05\/ph.Cosmo-Laera-2462.jpg.webp 600w, https:\/\/nestitaly.com\/wp-content\/smush-webp\/2021\/05\/ph.Cosmo-Laera-2462.jpg.webp 40w, https:\/\/nestitaly.com\/wp-content\/smush-webp\/2021\/05\/ph.Cosmo-Laera-2462.jpg.webp 60w, https:\/\/nestitaly.com\/wp-content\/smush-webp\/2021\/05\/ph.Cosmo-Laera-2462.jpg.webp 1001w\" sizes=\"auto, (max-width: 683px) 100vw, 683px\" data-smush-webp-fallback=\"{&quot;src&quot;:&quot;https:\\\/\\\/nestitaly.com\\\/wp-content\\\/uploads\\\/2021\\\/05\\\/ph.Cosmo-Laera-2462.jpg&quot;,&quot;srcset&quot;:&quot;https:\\\/\\\/nestitaly.com\\\/wp-content\\\/uploads\\\/2021\\\/05\\\/ph.Cosmo-Laera-2462.jpg 200w, https:\\\/\\\/nestitaly.com\\\/wp-content\\\/uploads\\\/2021\\\/05\\\/ph.Cosmo-Laera-2462.jpg 683w, https:\\\/\\\/nestitaly.com\\\/wp-content\\\/uploads\\\/2021\\\/05\\\/ph.Cosmo-Laera-2462.jpg 768w, https:\\\/\\\/nestitaly.com\\\/wp-content\\\/uploads\\\/2021\\\/05\\\/ph.Cosmo-Laera-2462.jpg 600w, https:\\\/\\\/nestitaly.com\\\/wp-content\\\/uploads\\\/2021\\\/05\\\/ph.Cosmo-Laera-2462.jpg 40w, https:\\\/\\\/nestitaly.com\\\/wp-content\\\/uploads\\\/2021\\\/05\\\/ph.Cosmo-Laera-2462.jpg 60w, https:\\\/\\\/nestitaly.com\\\/wp-content\\\/uploads\\\/2021\\\/05\\\/ph.Cosmo-Laera-2462.jpg 1001w&quot;}\" \/><\/span><\/h5>\n<h5 style=\"text-align: center;\">Per prenotare la vostra esperienza: <a href=\"mailto:info@nestitaly.com\">info@nestitaly.com<\/a><\/h5>\n<p>[\/vc_column_text][\/vc_column][\/vc_row][vc_row el_id=&#8221;retreats&#8221;][vc_column][vc_empty_space height=&#8221;100px&#8221;][\/vc_column][\/vc_row]<\/p>\n","protected":false},"excerpt":{"rendered":"<p>[vc_row el_class=&#8221;ricerca&#8221; el_id=&#8221;ricerca&#8221;][vc_column][vc_custom_heading text=&#8221;Cooking Class + Tavolata + Stay in a Palazzo in Puglia&#8221; font_container=&#8221;tag:h2|font_size:34|text_align:center&#8221; use_theme_fonts=&#8221;yes&#8221; t_supro_heading=&#8221;&#8221; m_supro_heading=&#8221;&#8221; t_font_size=&#8221;30&#8243; m_font_size=&#8221;24&#8243; css=&#8221;.vc_custom_1620663828088{margin-top: 0px !important;margin-bottom: 0px !important;}&#8221;][vc_empty_space height=&#8221;80px&#8221;][vc_single_image image=&#8221;54401&#8243; img_size=&#8221;large&#8221; alignment=&#8221;center&#8221;][vc_empty_space height=&#8221;80px&#8221;][vc_column_text] Vivi l&#8217;esperienza di un Design Boutique Palazzo in Puglia Dal momento in cui si entra nel Palazzo, si viene accolti dall&#8217;energia positiva e ospitale del [&hellip;]<\/p>\n","protected":false},"author":1,"featured_media":0,"parent":0,"menu_order":0,"comment_status":"closed","ping_status":"closed","template":"","meta":{"_acf_changed":false,"inline_featured_image":false,"footnotes":""},"class_list":["post-64493","page","type-page","status-publish","hentry","no-thumb"],"acf":[],"_links":{"self":[{"href":"https:\/\/nestitaly.com\/it\/wp-json\/wp\/v2\/pages\/64493","targetHints":{"allow":["GET"]}}],"collection":[{"href":"https:\/\/nestitaly.com\/it\/wp-json\/wp\/v2\/pages"}],"about":[{"href":"https:\/\/nestitaly.com\/it\/wp-json\/wp\/v2\/types\/page"}],"author":[{"embeddable":true,"href":"https:\/\/nestitaly.com\/it\/wp-json\/wp\/v2\/users\/1"}],"replies":[{"embeddable":true,"href":"https:\/\/nestitaly.com\/it\/wp-json\/wp\/v2\/comments?post=64493"}],"version-history":[{"count":5,"href":"https:\/\/nestitaly.com\/it\/wp-json\/wp\/v2\/pages\/64493\/revisions"}],"predecessor-version":[{"id":68318,"href":"https:\/\/nestitaly.com\/it\/wp-json\/wp\/v2\/pages\/64493\/revisions\/68318"}],"wp:attachment":[{"href":"https:\/\/nestitaly.com\/it\/wp-json\/wp\/v2\/media?parent=64493"}],"curies":[{"name":"wp","href":"https:\/\/api.w.org\/{rel}","templated":true}]}}