{"id":64809,"date":"2021-05-12T14:25:20","date_gmt":"2021-05-12T12:25:20","guid":{"rendered":"https:\/\/nestitaly.com\/?page_id=64809"},"modified":"2021-05-12T19:04:00","modified_gmt":"2021-05-12T17:04:00","slug":"experience-nye-amalfi-coast","status":"publish","type":"page","link":"https:\/\/nestitaly.com\/it\/experience-nye-amalfi-coast\/","title":{"rendered":"Capodanno in Costiera Amalfitana"},"content":{"rendered":"<p>[vc_row el_class=&#8221;ricerca&#8221; el_id=&#8221;ricerca&#8221;][vc_column][vc_custom_heading text=&#8221;Capodanno in una Villa in Costiera Amalfitana&#8221; font_container=&#8221;tag:h2|font_size:34|text_align:center&#8221; use_theme_fonts=&#8221;yes&#8221; t_supro_heading=&#8221;&#8221; m_supro_heading=&#8221;&#8221; t_font_size=&#8221;30&#8243; m_font_size=&#8221;24&#8243; css=&#8221;.vc_custom_1620822683617{margin-top: 0px !important;margin-bottom: 0px !important;}&#8221;][vc_empty_space height=&#8221;80px&#8221;][vc_single_image image=&#8221;64805&#8243; img_size=&#8221;large&#8221; alignment=&#8221;center&#8221;][vc_empty_space height=&#8221;80px&#8221;][vc_column_text]<\/p>\n<p style=\"text-align: center;\"><span style=\"color: #000000;\">Una vecchia torre medievale di avvistamento situata a picco su una scogliera, con quattro annessi separati, per una vacanza che rievoca il lato pi\u00f9 romantico della storia. Gli annessi alla villa discendono lungo la collina, dalla strada costiera attraverso una fitta vegetazione mediterranea di pinete profumate, pergole di limoni e giardini ben curati fino al mare.<\/span><\/p>\n<p style=\"text-align: center;\"><span style=\"color: #000000;\">L\u2019intera villa \u00e8 riservata ad uso esclusivo degli ospiti e pu\u00f2 ospitare fino a 12 persone (per gruppi pi\u00f9 numerosi, \u00e8 possibile prenotare una seconda villa indipendente nella stessa tenuta per un raggiungere un massimo di 28 persone). Un sentiero collega la villa ad un accesso privato al mare, da cui \u00e8 possibile tuffarsi e scoprirne le meraviglie nascoste. La struttura vanta anche un\u2019esclusiva piscina a doppio livello, per chi preferisce prendere il sole a bordo vasca.<\/span><\/p>\n<p style=\"text-align: center;\"><span style=\"color: #000000;\">La propriet\u00e0 pu\u00f2 essere prenotata tutto l\u2019anno, Capodanno incluso, con un servizio di catering completo incluso: una governante, un maggiordomo e uno chef saranno a vostra completa disposizione per l\u2019intera durata del soggiorno per rispondere a tutte le vostre esigenze e garantirvi il miglior soggiorno possibile.<\/span><\/p>\n<h5 style=\"text-align: center;\"><span style=\"color: #000000;\">Soggiorno minimo 4 notti: 6.857 \u20ac<\/span><br \/>\n<span style=\"color: #000000;\">Settimanale 12.000 \u20ac<\/span><\/h5>\n<h5 style=\"text-align: center;\"><span style=\"color: #000000;\">Cena di capodanno 120 \u20ac p.p &#8211; bevande escluse<\/span><\/h5>\n<h5 style=\"text-align: center;\"><span style=\"color: #000000;\">Altri servizi come musica, fuochi d&#8217;artificio ecc. Sono disponibili su richiesta<\/span><\/h5>\n<p style=\"text-align: center;\"><span style=\"color: #000000;\">Scopri la Costiera Amalfitana a capodanno insieme alla vista dei fuochi d&#8217;artificio da un&#8217;affascinante torre medievale. <a href=\"https:\/\/nestitaly.com\/it\/offers\/villa-torre-costiera-amalfitana\/\"><strong>Scopri di pi\u00f9.<\/strong><\/a><\/span><\/p>\n<h5 style=\"text-align: center;\"><span style=\"color: #000000;\">Per prenotare la tua esperienza: <a style=\"color: #000000;\" href=\"mailto:info@nestitaly.com\">info@nestitaly.com<\/a><\/span><\/h5>\n<h5 style=\"text-align: center;\"><\/h5>\n<p>[\/vc_column_text][\/vc_column][\/vc_row][vc_row el_id=&#8221;retreats&#8221;][vc_column][vc_empty_space height=&#8221;100px&#8221;][\/vc_column][\/vc_row]<\/p>\n","protected":false},"excerpt":{"rendered":"<p>[vc_row el_class=&#8221;ricerca&#8221; el_id=&#8221;ricerca&#8221;][vc_column][vc_custom_heading text=&#8221;Capodanno in una Villa in Costiera Amalfitana&#8221; font_container=&#8221;tag:h2|font_size:34|text_align:center&#8221; use_theme_fonts=&#8221;yes&#8221; t_supro_heading=&#8221;&#8221; m_supro_heading=&#8221;&#8221; t_font_size=&#8221;30&#8243; m_font_size=&#8221;24&#8243; css=&#8221;.vc_custom_1620822683617{margin-top: 0px !important;margin-bottom: 0px !important;}&#8221;][vc_empty_space height=&#8221;80px&#8221;][vc_single_image image=&#8221;64805&#8243; img_size=&#8221;large&#8221; alignment=&#8221;center&#8221;][vc_empty_space height=&#8221;80px&#8221;][vc_column_text] Una vecchia torre medievale di avvistamento situata a picco su una scogliera, con quattro annessi separati, per una vacanza che rievoca il lato pi\u00f9 romantico della storia. Gli annessi [&hellip;]<\/p>\n","protected":false},"author":1,"featured_media":0,"parent":0,"menu_order":0,"comment_status":"closed","ping_status":"closed","template":"","meta":{"_acf_changed":false,"inline_featured_image":false,"footnotes":""},"class_list":["post-64809","page","type-page","status-publish","hentry","no-thumb"],"acf":[],"_links":{"self":[{"href":"https:\/\/nestitaly.com\/it\/wp-json\/wp\/v2\/pages\/64809","targetHints":{"allow":["GET"]}}],"collection":[{"href":"https:\/\/nestitaly.com\/it\/wp-json\/wp\/v2\/pages"}],"about":[{"href":"https:\/\/nestitaly.com\/it\/wp-json\/wp\/v2\/types\/page"}],"author":[{"embeddable":true,"href":"https:\/\/nestitaly.com\/it\/wp-json\/wp\/v2\/users\/1"}],"replies":[{"embeddable":true,"href":"https:\/\/nestitaly.com\/it\/wp-json\/wp\/v2\/comments?post=64809"}],"version-history":[{"count":7,"href":"https:\/\/nestitaly.com\/it\/wp-json\/wp\/v2\/pages\/64809\/revisions"}],"predecessor-version":[{"id":64836,"href":"https:\/\/nestitaly.com\/it\/wp-json\/wp\/v2\/pages\/64809\/revisions\/64836"}],"wp:attachment":[{"href":"https:\/\/nestitaly.com\/it\/wp-json\/wp\/v2\/media?parent=64809"}],"curies":[{"name":"wp","href":"https:\/\/api.w.org\/{rel}","templated":true}]}}