{"id":64955,"date":"2021-05-14T18:06:52","date_gmt":"2021-05-14T16:06:52","guid":{"rendered":"https:\/\/nestitaly.com\/tavolata-how-it-works\/"},"modified":"2021-05-14T22:51:01","modified_gmt":"2021-05-14T20:51:01","slug":"tavolata-how-it-works","status":"publish","type":"page","link":"https:\/\/nestitaly.com\/it\/tavolata-how-it-works\/","title":{"rendered":"Tavolata: come funziona"},"content":{"rendered":"<p>[vc_row full_width=&#8221;stretch_row_content_no_spaces&#8221; full_height=&#8221;yes&#8221; content_placement=&#8221;middle&#8221; css=&#8221;.vc_custom_1600794924324{background-image: url(https:\/\/nestitaly.com\/wp-content\/uploads\/2020\/09\/IMG_0013-min-scaled.jpg?id=3677) !important;background-position: center !important;background-repeat: no-repeat !important;background-size: cover !important;}&#8221;][vc_column][vc_single_image image=&#8221;2339&#8243; img_size=&#8221;full&#8221; alignment=&#8221;center&#8221; css_animation=&#8221;fadeInUp&#8221;][\/vc_column][\/vc_row][vc_row css=&#8221;.vc_custom_1601043342392{margin-top: 8% !important;}&#8221;][vc_column][vc_column_text]<\/p>\n<div style=\"text-align: center;\"><\/div>\n<h5 style=\"text-align: center;\">COS&#8217;\u00c8 TAVOLATA<\/h5>\n<p style=\"text-align: center;\">Tavolata Supper Club \u00e8 il Social Club di Nest: la porta di accesso alla cultura e alle radici di questo bellissimo paese.<br \/>\nI commensali assorbono la cultura e la magica atmosfera del territorio locale in luoghi unici\u00a0come per esempio case private, gallerie d\u2019arte, in un vigneto nella campagna Toscana, in un trabucco o in un campo di grano.<br \/>\nTavolata \u00e8 la libert\u00e0 di vivere e condividere momenti intimi con i propri cari o con persone nuove.<\/p>\n<h5 style=\"text-align: center;\">COME FUNZIONA<\/h5>\n<p style=\"text-align: center;\">Cenerai in un intimo tavolo comune per gustare un menu stagionale di Chefs locali\u00a0con l\u2019opportunit\u00e0 di incontrare persone nuove e creare connessioni interessanti.<\/p>\n<p style=\"text-align: center;\">Scegli l&#8217;evento Tavolata a cui vuoi partecipare e clicca sul numero di partecipanti. Compila il form e ti contatteremo al pi\u00f9 presto con la descrizione dettagliata dell&#8217;evento, la disponibilit\u00e0 e le istruzioni per prenotare il tuo posto.<\/p>\n<p style=\"text-align: center;\">La tavolata sar\u00e0 composta da 10 a 16 persone al massimo.<\/p>\n<h5 style=\"text-align: center;\">CHI PUO&#8217; PARTECIPARE<\/h5>\n<p style=\"text-align: center;\">Pu\u00f2 partecipare chiunque sia over 18 anni. I nostri eventi sono solo per adulti e gli animali non sono ammessi, nonostante li amiamo profondamente! A volte abbiamo installazioni speciali ed opere d&#8217;arte e dobbiamo assicurarci che tutto sia perfetto.. per favore non avercela con noi..<\/p>\n<p style=\"text-align: center;\">Siamo qui per creare un&#8217;esperienza meravigliosa per te e per tutti i nostri ospiti.<\/p>\n<h5 style=\"text-align: center;\">MEN\u00d9<\/h5>\n<p style=\"text-align: center;\">Un men\u00f9 ispirato alla stagione e ai migliori prodotti locali. Tieni presente che il men\u00f9 non verr\u00e0 divulgato fino al giorno dell&#8217;evento, quindi chiediamo gentilmente di informarci in anticipo di eventuali allergie gravi e la cucina sar\u00e0 pi\u00f9 che felice di provvedere ad ogni vostro bisogno.<\/p>\n<h5 style=\"text-align: center;\">QUANDO E DOVE<\/h5>\n<p style=\"text-align: center;\">Tutto l&#8217;anno e in tutta Italia. Scegli la tua Tavolata ideale in base all&#8217;esperienza che vuoi vivere. Pu\u00f2 svolgersi in vigneti, campi di grano, gallerie d&#8217;arte, home restaurants, case private e altri luoghi particolari.<\/p>\n<h5 style=\"text-align: center;\">POLITICA DI CANCELLAZIONE<\/h5>\n<p style=\"text-align: center;\">7 giorni prima dell&#8217;evento: rimborso completo del pagamento<br \/>\nMeno di 7 giorni prima dell&#8217;arrivo: nessun rimborso<\/p>\n<h5 style=\"text-align: center;\">POLITICA COVID &#8211; LA SICUREZZA AL PRIMO POSTO<\/h5>\n<p style=\"text-align: center;\">Comprendiamo che l&#8217;idea di partecipare a un evento come questo nella situazione attuale porta con s\u00e9 molte domande su come essere responsabili della propria salute e della salute di coloro che vi circondano. La sicurezza del personale, degli ospiti, dei fornitori e delle comunit\u00e0 in cui allestiamo i nostri tavoli \u00e8 della massima importanza ed \u00e8 la nostra priorit\u00e0 numero uno.<\/p>\n<p style=\"text-align: center;\">Ci informiamo rigorosamente ogni giorno leggendo gli aggiornamenti del Ministro della Salute Pubblica <a href=\"https:\/\/www.salute.gov.it\">https:\/\/www.salute.gov.it<\/a> e seguendo tutte le linee guida dell&#8217;OMS (Organizzazione Mondiale della Sanit\u00e0).<\/p>\n<p style=\"text-align: center;\">Tutti i partecipanti dovranno seguire le istruzioni richieste durante la partecipazione all&#8217;evento.\u00a0I nostri eventi rispettano le norme e il distanziamento sociale. C&#8217;\u00e8 il potenziale che avremo protocolli pi\u00f9 rigorosi a seconda delle condizioni al momento dell&#8217;evento in programma, faremo in modo di comunicarle agli ospiti in modo tempestivo.<\/p>\n<p style=\"text-align: center;\"><strong><span style=\"color: #808080;\"><span style=\"color: #000000;\"><a style=\"color: #000000;\" href=\"mailto:Tavolata@nestitaly.com\" target=\"_blank\" rel=\"noopener noreferrer\">tavolata@nestitaly.<wbr \/>com<\/a><\/span><\/span><\/strong><\/p>\n<p>[\/vc_column_text][vc_empty_space height=&#8221;60px&#8221;][vc_icon type=&#8221;monosocial&#8221; icon_monosocial=&#8221;vc-mono vc-mono-instagram&#8221; color=&#8221;custom&#8221; align=&#8221;center&#8221; custom_color=&#8221;#a5a5a5&#8243; link=&#8221;url:https%3A%2F%2Fwww.instagram.com%2Ftavolata.it%2F||target:%20_blank|&#8221;][vc_empty_space height=&#8221;60px&#8221;][\/vc_column][\/vc_row][vc_row][vc_column][vc_separator][vc_empty_space height=&#8221;80px&#8221;][\/vc_column][\/vc_row][vc_row][vc_column][vc_empty_space height=&#8221;70px&#8221;][\/vc_column][\/vc_row]<\/p>\n","protected":false},"excerpt":{"rendered":"<p>[vc_row full_width=&#8221;stretch_row_content_no_spaces&#8221; full_height=&#8221;yes&#8221; content_placement=&#8221;middle&#8221; css=&#8221;.vc_custom_1600794924324{background-image: url(https:\/\/nestitaly.com\/wp-content\/uploads\/2020\/09\/IMG_0013-min-scaled.jpg?id=3677) !important;background-position: center !important;background-repeat: no-repeat !important;background-size: cover !important;}&#8221;][vc_column][vc_single_image image=&#8221;2339&#8243; img_size=&#8221;full&#8221; alignment=&#8221;center&#8221; css_animation=&#8221;fadeInUp&#8221;][\/vc_column][\/vc_row][vc_row css=&#8221;.vc_custom_1601043342392{margin-top: 8% !important;}&#8221;][vc_column][vc_column_text] COS&#8217;\u00c8 TAVOLATA Tavolata Supper Club \u00e8 il Social Club di Nest: la porta di accesso alla cultura e alle radici di questo bellissimo paese. I commensali assorbono la cultura e la magica atmosfera del territorio [&hellip;]<\/p>\n","protected":false},"author":1,"featured_media":5053,"parent":0,"menu_order":0,"comment_status":"closed","ping_status":"closed","template":"template-fullwidth.php","meta":{"_acf_changed":false,"inline_featured_image":false,"footnotes":""},"class_list":["post-64955","page","type-page","status-publish","has-post-thumbnail","hentry",""],"acf":[],"_links":{"self":[{"href":"https:\/\/nestitaly.com\/it\/wp-json\/wp\/v2\/pages\/64955","targetHints":{"allow":["GET"]}}],"collection":[{"href":"https:\/\/nestitaly.com\/it\/wp-json\/wp\/v2\/pages"}],"about":[{"href":"https:\/\/nestitaly.com\/it\/wp-json\/wp\/v2\/types\/page"}],"author":[{"embeddable":true,"href":"https:\/\/nestitaly.com\/it\/wp-json\/wp\/v2\/users\/1"}],"replies":[{"embeddable":true,"href":"https:\/\/nestitaly.com\/it\/wp-json\/wp\/v2\/comments?post=64955"}],"version-history":[{"count":6,"href":"https:\/\/nestitaly.com\/it\/wp-json\/wp\/v2\/pages\/64955\/revisions"}],"predecessor-version":[{"id":65011,"href":"https:\/\/nestitaly.com\/it\/wp-json\/wp\/v2\/pages\/64955\/revisions\/65011"}],"wp:featuredmedia":[{"embeddable":true,"href":"https:\/\/nestitaly.com\/it\/wp-json\/wp\/v2\/media\/5053"}],"wp:attachment":[{"href":"https:\/\/nestitaly.com\/it\/wp-json\/wp\/v2\/media?parent=64955"}],"curies":[{"name":"wp","href":"https:\/\/api.w.org\/{rel}","templated":true}]}}