{"id":90571,"date":"2022-01-11T12:51:15","date_gmt":"2022-01-11T11:51:15","guid":{"rendered":"https:\/\/nestitaly.com\/tour-of-ferrara\/"},"modified":"2022-01-11T13:11:12","modified_gmt":"2022-01-11T12:11:12","slug":"tour-of-ferrara","status":"publish","type":"page","link":"https:\/\/nestitaly.com\/it\/tour-of-ferrara\/","title":{"rendered":"Tour di Ferrara"},"content":{"rendered":"<p>[vc_row el_class=&#8221;ricerca&#8221; el_id=&#8221;ricerca&#8221;][vc_column][vc_custom_heading text=&#8221;Tour di Ferrara&#8221; font_container=&#8221;tag:h2|font_size:34|text_align:center&#8221; use_theme_fonts=&#8221;yes&#8221; t_supro_heading=&#8221;&#8221; m_supro_heading=&#8221;&#8221; t_font_size=&#8221;30&#8243; m_font_size=&#8221;24&#8243; css=&#8221;.vc_custom_1641902345585{margin-top: 0px !important;margin-bottom: 0px !important;}&#8221;][vc_empty_space height=&#8221;80px&#8221;][vc_single_image image=&#8221;90562&#8243; img_size=&#8221;large&#8221; alignment=&#8221;center&#8221;][vc_empty_space height=&#8221;80px&#8221;][vc_column_text]<\/p>\n<p style=\"text-align: center;\"><span style=\"color: #000000;\">Situata nella grande pianura emiliana, Ferrara sorge a pochi chilometri a sud del fiume Po, a circa 50 km dal mare.<\/span><\/p>\n<p style=\"text-align: center;\"><span style=\"color: #000000;\">Ferrara \u00e8 una splendida citt\u00e0 d&#8217;arte, capitale rinascimentale, da godere passeggiando per le sue strade. Attraverso il suo glorioso passato, puoi capire le radici del suo presente.<\/span><\/p>\n<p style=\"text-align: center;\"><span style=\"color: #000000;\">La famiglia Este vi govern\u00f2 per tre secoli e diede alla citt\u00e0 l&#8217;aspetto che ha oggi: una citt\u00e0 progettata in modo unico, che fonde armoniosamente architettura medievale e rinascimentale, la prima citt\u00e0 moderna d&#8217;Europa. Sono proprio queste caratteristiche che hanno assicurato il suo status di patrimonio mondiale dell&#8217;UNESCO.<\/span><\/p>\n<p style=\"text-align: center;\"><span style=\"color: #000000;\">\u00c8 una citt\u00e0 tranquilla da percorrere a piedi o in bicicletta, rivivendo ad ogni passo le magiche atmosfere di un tempo.<\/span><\/p>\n<div id=\"perche\" class=\"content-box anchor\">\n<div id=\"quando\" class=\"content-box anchor\" style=\"text-align: center;\">\n<div class=\"header\">\n<h4><\/h4>\n<h4><span style=\"color: #000000;\">QUANDO ANDARE E COSA VEDERE<\/span><\/h4>\n<\/div>\n<p><span style=\"color: #000000;\">I periodi migliori per visitarla sono la primavera e l&#8217;autunno. Maggio, in particolare, \u00e8 un mese di festeggiamenti legati al famoso Palio di San Giorgio; a Marzo e Settembre si tengono prestigiose mostre a Palazzo Diamanti, gioiello del Rinascimento ferrarese; durante l&#8217;ultima settimana di agosto musicisti di strada da tutto il mondo si danno appuntamento per il Ferrara Buskers Festival, riempiendo di musica le serate di fine estate.<\/span><\/p>\n<p><span style=\"color: #000000;\">Visita i numerosi musei. Lungi dall&#8217;essere semplici depositi di opere d&#8217;arte, le collezioni ferraresi si distinguono per il loro incrociarsi con la realt\u00e0 esterna, sia essa eredit\u00e0 del passato o richiami al presente.<\/span><br \/>\n<span style=\"color: #000000;\">Nelle sale di Palazzo Costabili sono esposti reperti della leggendaria citt\u00e0 di Spina, vestigia del mondo greco ed etrusco. Grandi dipinti del XV e XVI secolo si trovano a Palazzo dei Diamanti, e a Palazzo Massari c&#8217;\u00e8 l&#8217;arte di Boldini, de Pisis e dei loro contemporanei. (Palazzo Massari \u00e8\u00a0temporaneamente chiuso).<\/span><\/p>\n<p><span style=\"color: #000000;\">Da vedere Palazzo Schifanoia con la sua splendida Sala dei Mesi, affrescata nel XV secolo dai pittori di scuola ferrarese; il Castello Estense, antica residenza dei duchi d&#8217;Este; l&#8217;armonioso Duomo romanico e gotico e il suo museo con preziose opere d&#8217;arte, tra cui un pannello d&#8217;organo raffigurante l&#8217;Annunciazione e San Giorgio che uccide il drago di Cosm\u00e8 Tura (1469), maestro della scuola ferrarese. Sul lato sinistro della cattedrale, di fronte alla piazza, la Loggia dei Merciai ha ospitato botteghe fin dal medioevo.<\/span><\/p>\n<p><span style=\"color: #000000;\">Addentrandosi nella parte medievale della citt\u00e0 si possono scoprire gioielli di arte sacra come il Monastero di Sant&#8217;Antonio in Polesine con i suoi affreschi giotteschi, o la Chiesa di Santa Maria in Vado, meta di pellegrinaggi sin dal Miracolo Eucaristico nel XII secolo.<\/span><\/p>\n<p>&nbsp;<\/p>\n<\/div>\n<div id=\"danonperdere\" class=\"content-box anchor\" style=\"text-align: center;\">\n<div class=\"header\">\n<hr \/>\n<h4><span style=\"color: #000000;\">DA NON PERDERE<\/span><\/h4>\n<\/div>\n<p><span style=\"color: #000000;\">Non dovresti andartene senza aver camminato per le incantevoli strade medievali e aver fatto un giro in bicicletta intorno alle sue mura rinascimentali.<\/span><\/p>\n<p>&nbsp;<\/p>\n<\/div>\n<div id=\"sullatavola\" class=\"content-box anchor\" style=\"text-align: center;\">\n<div class=\"header\">\n<hr \/>\n<h4><span style=\"color: #000000;\">SUL TAVOLO<\/span><\/h4>\n<\/div>\n<p><span style=\"color: #000000;\">La &#8220;coppia&#8221;,\u00a0Il famoso pane ferrarese dalle forme elaborate e saporite (che vanta la certificazione di origine IGP); Molto apprezzati sono i cappellacci, pasta ripiena di zucca e parmigiano, cos\u00ec come il pasticcio di maccheroni, vero culmine della tradizione di corte; la \u201csalama da sugo\u201d \u00e8 un impasto di prodotti a base di carne di maiale. Infine, c&#8217;\u00e8 il \u201cpampepato\u201d, una torta speziata ricoperta da uno strato di cioccolato.<\/span><\/p>\n<p>&nbsp;<\/p>\n<\/div>\n<div id=\"divertirsi\" class=\"content-box anchor\" style=\"text-align: center;\">\n<div class=\"header\">\n<hr \/>\n<h4><span style=\"color: #000000;\">DIVERTIMENTO<\/span><\/h4>\n<\/div>\n<p><span style=\"color: #000000;\">Al tramonto, nelle vie medievali intorno al Duomo, i giovani si ritrovano per l&#8217;aperitivo: in uno di questi vicoli si trova anche l&#8217;osteria pi\u00f9 antica del mondo, ricordata da Ludovico Ariosto e inserita nel Guinness dei primati.<\/span><\/p>\n<p>&nbsp;<\/p>\n<\/div>\n<div id=\"informa\" class=\"content-box anchor\" style=\"text-align: center;\">\n<div class=\"header\">\n<hr \/>\n<h4><span style=\"color: #000000;\">PER RIMANERE IN FORMA<\/span><\/h4>\n<\/div>\n<p><span style=\"color: #000000;\">Le mura della citt\u00e0 sono il &#8216;parco&#8217; preferito dai locali per fare jogging: si pu\u00f2 correre lungo 9 km quasi ininterrotti di terrapieno tra il verde dei tigli e dei platani e il mattone rosso del muro.<\/span><\/p>\n<p><span style=\"color: #000000;\">Per chi preferisce la bicicletta, il migliore \u00e8 il circuito intorno al fondo delle mura, estendibile sulla pista ciclabile \u201cDestra Po\u201d attraversando il Parco Urbano a nord della citt\u00e0.<\/span><\/p>\n<p>&nbsp;<\/p>\n<\/div>\n<div id=\"appuntamenti\" class=\"content-box anchor\" style=\"text-align: center;\">\n<div class=\"header\">\n<hr \/>\n<h4><span style=\"color: #000000;\">EVENTI PRINCIPALI<\/span><\/h4>\n<\/div>\n<p><span style=\"color: #000000;\">Il Palio di San Giorgio (il pi\u00f9 antico del mondo) l&#8217;ultima domenica di maggio: pi\u00f9 di mille partecipanti in costumi rinascimentali sfilano in piazza Ariostea, dove si sfidano in vari giochi tra otto contrade, squadre in rappresentanza di parti della citt\u00e0. Ferrara Buskers Festival nell&#8217;ultima settimana di agosto \u00e8 un appuntamento per gli artisti di strada che riempiono le strade di musica e colore.<\/span><\/p>\n<p>&nbsp;<\/p>\n<\/div>\n<div id=\"neidintorni\" class=\"content-box anchor\" style=\"text-align: center;\">\n<div class=\"header\">\n<hr \/>\n<h4><span style=\"color: #000000;\">NELLE VICINANZE<\/span><\/h4>\n<\/div>\n<p><span style=\"color: #000000;\">Merita soprattutto una visita la rete delle Delizie Estense, sparse nel loro antico territorio.<\/span><\/p>\n<p><span style=\"color: #000000;\">Per chi ama il mare ci sono i Lidi di Comacchio, sette localit\u00e0 balneari che vantano ampie spiagge e una vastissima scelta di divertimenti.<\/span><\/p>\n<p><span style=\"color: #000000;\">Paradiso di naturalisti, biologi, scienziati e birdwatcher, il Parco del Delta del Po, una delle zone umide pi\u00f9 importanti d&#8217;Europa, una vasta area verde circondata da boschi secolari, pinete e riserve, costellata di gioielli architettonici ereditati dall&#8217;et\u00e0 d&#8217;oro del Famiglia Este.<\/span><\/p>\n<\/div>\n<p style=\"text-align: center;\"><strong><span style=\"color: #000000;\">Crediti: emiliaromagnaturismo<\/span><\/strong><\/p>\n<p style=\"text-align: center;\">&#8211; &#8211; &#8211;<\/p>\n<h3 style=\"text-align: center;\"><span style=\"color: #000000;\">Il Nostro Tour:<\/span><\/h3>\n<p style=\"text-align: center;\"><span style=\"color: #000000;\">Ti mostreremo la citt\u00e0 a piedi e in bicicletta come i locali. Ferrara \u00e8 infatti soprannominata &#8220;La citt\u00e0 delle biciclette&#8221;. Vi parleremo della citt\u00e0, vi mostreremo i luoghi pi\u00f9 importanti, le mura di Ferrara, la chiesa di Santa Maria in Vado, Il Palazzo Schifanoia e vi porteremo a vedere la mostra all&#8217;interno del Palazzo dei Diamanti.<\/span><\/p>\n<p style=\"text-align: center;\"><span style=\"color: #000000;\"><strong>Programma:<\/strong> Ritrovo in hotel alle 10:00, tour a piedi della citt\u00e0 e visita al Palazzo dei Diamanti. 13:30 pranzo. 15\/15:30 vi torneremo a prendere per visitare il Palazzo Schifanoia e per fare il giro in bici delle mura. <\/span><span style=\"color: #000000;\">17:30 fine del tour.<\/span><\/p>\n<p style=\"text-align: center;\"><span style=\"color: #000000;\"><strong>Numero di persone:<\/strong> minimo 4 pax<\/span><\/p>\n<p style=\"text-align: center;\"><span style=\"color: #000000;\"><strong>Costo:<\/strong>\u00a075 euro a persona<\/span><\/p>\n<p style=\"text-align: center;\"><span style=\"color: #000000;\"><strong>Incluso:<\/strong> Biglietto d&#8217;ingresso al Palazzo dei Diamanti e Palazzo Schifanoia, biciclette<\/span><\/p>\n<p style=\"text-align: center;\"><span style=\"color: #000000;\"><strong>Non incluso:<\/strong> pranzo in uno dei ristoranti che vi consiglieremo.<\/span><\/p>\n<p style=\"text-align: center;\"><span style=\"color: #000000;\">&#8211; &#8211; &#8211;<\/span><\/p>\n<p style=\"text-align: center;\"><span style=\"color: #000000;\"><strong>Per prenotare:<\/strong> reservations@nestitaly.com<\/span><\/p>\n<\/div>\n<p>[\/vc_column_text][\/vc_column][\/vc_row][vc_row el_id=&#8221;retreats&#8221;][vc_column][vc_empty_space height=&#8221;100px&#8221;][\/vc_column][\/vc_row]<\/p>\n","protected":false},"excerpt":{"rendered":"<p>[vc_row el_class=&#8221;ricerca&#8221; el_id=&#8221;ricerca&#8221;][vc_column][vc_custom_heading text=&#8221;Tour di Ferrara&#8221; font_container=&#8221;tag:h2|font_size:34|text_align:center&#8221; use_theme_fonts=&#8221;yes&#8221; t_supro_heading=&#8221;&#8221; m_supro_heading=&#8221;&#8221; t_font_size=&#8221;30&#8243; m_font_size=&#8221;24&#8243; css=&#8221;.vc_custom_1641902345585{margin-top: 0px !important;margin-bottom: 0px !important;}&#8221;][vc_empty_space height=&#8221;80px&#8221;][vc_single_image image=&#8221;90562&#8243; img_size=&#8221;large&#8221; alignment=&#8221;center&#8221;][vc_empty_space height=&#8221;80px&#8221;][vc_column_text] Situata nella grande pianura emiliana, Ferrara sorge a pochi chilometri a sud del fiume Po, a circa 50 km dal mare. Ferrara \u00e8 una splendida citt\u00e0 d&#8217;arte, capitale rinascimentale, da godere passeggiando per [&hellip;]<\/p>\n","protected":false},"author":1,"featured_media":0,"parent":0,"menu_order":0,"comment_status":"closed","ping_status":"closed","template":"","meta":{"_acf_changed":false,"inline_featured_image":false,"footnotes":""},"class_list":["post-90571","page","type-page","status-publish","hentry","no-thumb"],"acf":[],"_links":{"self":[{"href":"https:\/\/nestitaly.com\/it\/wp-json\/wp\/v2\/pages\/90571","targetHints":{"allow":["GET"]}}],"collection":[{"href":"https:\/\/nestitaly.com\/it\/wp-json\/wp\/v2\/pages"}],"about":[{"href":"https:\/\/nestitaly.com\/it\/wp-json\/wp\/v2\/types\/page"}],"author":[{"embeddable":true,"href":"https:\/\/nestitaly.com\/it\/wp-json\/wp\/v2\/users\/1"}],"replies":[{"embeddable":true,"href":"https:\/\/nestitaly.com\/it\/wp-json\/wp\/v2\/comments?post=90571"}],"version-history":[{"count":3,"href":"https:\/\/nestitaly.com\/it\/wp-json\/wp\/v2\/pages\/90571\/revisions"}],"predecessor-version":[{"id":90574,"href":"https:\/\/nestitaly.com\/it\/wp-json\/wp\/v2\/pages\/90571\/revisions\/90574"}],"wp:attachment":[{"href":"https:\/\/nestitaly.com\/it\/wp-json\/wp\/v2\/media?parent=90571"}],"curies":[{"name":"wp","href":"https:\/\/api.w.org\/{rel}","templated":true}]}}