{"id":90587,"date":"2022-01-11T13:53:24","date_gmt":"2022-01-11T12:53:24","guid":{"rendered":"https:\/\/nestitaly.com\/lambrusco-vinegar-parmesan-tastings\/"},"modified":"2022-01-11T14:52:27","modified_gmt":"2022-01-11T13:52:27","slug":"lambrusco-vinegar-parmesan-tastings","status":"publish","type":"page","link":"https:\/\/nestitaly.com\/it\/lambrusco-vinegar-parmesan-tastings\/","title":{"rendered":"Lambrusco, Aceto Balsamico e Parmigiano Reggiano"},"content":{"rendered":"<p>[vc_row el_class=&#8221;ricerca&#8221; el_id=&#8221;ricerca&#8221;][vc_column][vc_custom_heading text=&#8221;Degustazione di Lambrusco, Aceto Balsamico e Parmigiano Reggiano &#8221; font_container=&#8221;tag:h2|font_size:34|text_align:center&#8221; use_theme_fonts=&#8221;yes&#8221; t_supro_heading=&#8221;&#8221; m_supro_heading=&#8221;&#8221; t_font_size=&#8221;30&#8243; m_font_size=&#8221;24&#8243; css=&#8221;.vc_custom_1641909131453{margin-top: 0px !important;margin-bottom: 0px !important;}&#8221;][vc_empty_space height=&#8221;80px&#8221;][vc_single_image image=&#8221;90584&#8243; img_size=&#8221;large&#8221; alignment=&#8221;center&#8221;][vc_empty_space height=&#8221;80px&#8221;][vc_column_text]<\/p>\n<p style=\"text-align: center;\"><span style=\"color: #000000;\">La cantina e l&#8217;acetaia sono i luoghi simbolo della tradizione locale, dove sono custoditi i segreti dei prodotti di quest&#8217;azienda: rispetto dei ritmi naturali, eccellenza delle materie prime e metodi di lavorazione che nascono da antiche tradizioni.<\/span><br \/>\n<span style=\"color: #000000;\">Per permettervi di vivere questa esperienza unica e di poter degustare vini e aceti direttamente dove vengono prodotti, la Tenuta da noi scelta aprir\u00e0 la propria cantina e la propria acetaia per visite, sette giorni su sette, su prenotazione, disponibile in lingua inglese o italiano.<\/span><\/p>\n<p style=\"text-align: center;\"><span style=\"color: #000000;\"><strong>La Cantina<\/strong><\/span><\/p>\n<p style=\"text-align: center;\"><span style=\"color: #000000;\">I vini biologici di questa Tenuta sono il risultato di una continua evoluzione e sperimentazione. Tradizione e moderne tecnologie si fondono in una produzione dove la qualit\u00e0, non la quantit\u00e0, \u00e8 sempre al primo posto.<\/span><\/p>\n<p style=\"text-align: center;\"><span style=\"color: #000000;\">Ogni anno il loro prodotto segue il ritmo della terra e delle stagioni. E di anno in anno, come la natura cambia attraverso le sue mille sfumature, cos\u00ec il vino \u00e8 sempre diverso e mai uguale.<\/span><\/p>\n<p style=\"text-align: center;\"><span style=\"color: #000000;\"><strong>La cantina dell&#8217;aceto<\/strong><\/span><\/p>\n<p style=\"text-align: center;\"><span style=\"color: #000000;\">L&#8217;Aceto Balsamico Tradizionale di Modena \u00e8 un condimento rinomato, esclusivo ed unico, che si distingue per il suo colore scuro e brillante, per la sua densit\u00e0, e per la sua ricchezza di aromi e sapori.<\/span><\/p>\n<p style=\"text-align: center;\"><span style=\"color: #000000;\">La sua eredit\u00e0 \u00e8 una tradizione tramandata nei secoli, il cui procedimento prevede la lenta maturazione del mosto d&#8217;uva cotto all&#8217;interno di botti di legni diversi e di dimensioni sempre pi\u00f9 piccole. Solo cos\u00ec il prodotto finale acquisisce quell&#8217;equilibrio di gusti unici, capaci di esaltare i sapori dei piatti a cui \u00e8 abbinato.<\/span><\/p>\n<p style=\"text-align: center;\"><strong><span style=\"color: #000000;\">Le degustazioni di Lambrusco e Aceto saranno accompagnate da Parmigiano Reggiano e Grissini\u00a0<\/span><\/strong><\/p>\n<p style=\"text-align: center;\"><span style=\"color: #000000;\"><strong>Costo:<\/strong> \u20ac 50,00 a persona<\/span><\/p>\n<p style=\"text-align: center;\"><span style=\"color: #000000;\"><strong>Localit\u00e0:<\/strong> Colline Modenesi<\/span><\/p>\n<p style=\"text-align: center;\">&#8211; &#8211; &#8211;<\/p>\n<p style=\"text-align: center;\"><span style=\"color: #000000;\"><strong>Per prenotare il tuo tour: <a href=\"mailto:reservations@nestitaly.com\">reservations@nestitaly.com<\/a><\/strong><\/span><\/p>\n<p>[\/vc_column_text][\/vc_column][\/vc_row][vc_row el_id=&#8221;retreats&#8221;][vc_column][vc_empty_space height=&#8221;100px&#8221;][\/vc_column][\/vc_row]<\/p>\n","protected":false},"excerpt":{"rendered":"<p>[vc_row el_class=&#8221;ricerca&#8221; el_id=&#8221;ricerca&#8221;][vc_column][vc_custom_heading text=&#8221;Degustazione di Lambrusco, Aceto Balsamico e Parmigiano Reggiano &#8221; font_container=&#8221;tag:h2|font_size:34|text_align:center&#8221; use_theme_fonts=&#8221;yes&#8221; t_supro_heading=&#8221;&#8221; m_supro_heading=&#8221;&#8221; t_font_size=&#8221;30&#8243; m_font_size=&#8221;24&#8243; css=&#8221;.vc_custom_1641909131453{margin-top: 0px !important;margin-bottom: 0px !important;}&#8221;][vc_empty_space height=&#8221;80px&#8221;][vc_single_image image=&#8221;90584&#8243; img_size=&#8221;large&#8221; alignment=&#8221;center&#8221;][vc_empty_space height=&#8221;80px&#8221;][vc_column_text] La cantina e l&#8217;acetaia sono i luoghi simbolo della tradizione locale, dove sono custoditi i segreti dei prodotti di quest&#8217;azienda: rispetto dei ritmi naturali, eccellenza delle materie [&hellip;]<\/p>\n","protected":false},"author":1,"featured_media":0,"parent":0,"menu_order":0,"comment_status":"closed","ping_status":"closed","template":"","meta":{"_acf_changed":false,"inline_featured_image":false,"footnotes":""},"class_list":["post-90587","page","type-page","status-publish","hentry","no-thumb"],"acf":[],"_links":{"self":[{"href":"https:\/\/nestitaly.com\/it\/wp-json\/wp\/v2\/pages\/90587","targetHints":{"allow":["GET"]}}],"collection":[{"href":"https:\/\/nestitaly.com\/it\/wp-json\/wp\/v2\/pages"}],"about":[{"href":"https:\/\/nestitaly.com\/it\/wp-json\/wp\/v2\/types\/page"}],"author":[{"embeddable":true,"href":"https:\/\/nestitaly.com\/it\/wp-json\/wp\/v2\/users\/1"}],"replies":[{"embeddable":true,"href":"https:\/\/nestitaly.com\/it\/wp-json\/wp\/v2\/comments?post=90587"}],"version-history":[{"count":3,"href":"https:\/\/nestitaly.com\/it\/wp-json\/wp\/v2\/pages\/90587\/revisions"}],"predecessor-version":[{"id":90593,"href":"https:\/\/nestitaly.com\/it\/wp-json\/wp\/v2\/pages\/90587\/revisions\/90593"}],"wp:attachment":[{"href":"https:\/\/nestitaly.com\/it\/wp-json\/wp\/v2\/media?parent=90587"}],"curies":[{"name":"wp","href":"https:\/\/api.w.org\/{rel}","templated":true}]}}