{"id":98797,"date":"2022-05-29T22:24:05","date_gmt":"2022-05-29T20:24:05","guid":{"rendered":"https:\/\/nestitaly.com\/?page_id=98797"},"modified":"2022-05-29T22:31:21","modified_gmt":"2022-05-29T20:31:21","slug":"tavolata-soggiorno-in-una-villa-con-lago-privato","status":"publish","type":"page","link":"https:\/\/nestitaly.com\/it\/experiences\/tavolata-soggiorno-in-una-villa-con-lago-privato\/","title":{"rendered":"Tavolata + Soggiorno in una Villa con Lago Privato"},"content":{"rendered":"<p>[vc_row el_class=&#8221;ricerca&#8221; el_id=&#8221;ricerca&#8221;][vc_column][vc_custom_heading text=&#8221;Tavolata + Soggiorno in una Villa con Lago Privato&#8221; font_container=&#8221;tag:h2|font_size:34|text_align:center&#8221; use_theme_fonts=&#8221;yes&#8221; t_supro_heading=&#8221;&#8221; m_supro_heading=&#8221;&#8221; t_font_size=&#8221;30&#8243; m_font_size=&#8221;24&#8243; css=&#8221;.vc_custom_1653855807090{margin-top: 0px !important;margin-bottom: 0px !important;}&#8221;][vc_empty_space height=&#8221;80px&#8221;][vc_single_image image=&#8221;98773&#8243; img_size=&#8221;full&#8221; alignment=&#8221;center&#8221;][vc_empty_space height=&#8221;80px&#8221;][vc_column_text]<\/p>\n<p style=\"text-align: center;\"><span style=\"color: #000000;\">Ci troviamo in Lombardia, nei pressi del Lago Maggiore. Uno specchio d\u2019acqua di 4000 mq alimentata da una sorgente naturale riflette due case, complementari quanto meravigliosamente diverse tra loro.<br \/>\n<\/span><\/p>\n<p style=\"text-align: center;\"><span style=\"color: #000000;\">Qui \u00e8 possibile organizzare un\u2019esperienza indimenticabile, magari per festeggiare un evento speciale come un matrimonio, una Tavolata privata da poter abbinare all\u2019affitto di una o entrambe le ville.<br \/>\n<\/span><\/p>\n<p>&nbsp;<\/p>\n<p style=\"text-align: center;\"><img loading=\"lazy\" decoding=\"async\" class=\"wp-image-98765 size-large aligncenter\" src=\"https:\/\/nestitaly.com\/wp-content\/smush-webp\/2022\/05\/PHOTO-2022-05-18-17-54-33-767x1024.jpg.webp\" alt=\"Nest Italy - Tavolata at Villa with private lake\" width=\"767\" height=\"1024\" srcset=\"https:\/\/nestitaly.com\/wp-content\/smush-webp\/2022\/05\/PHOTO-2022-05-18-17-54-33-767x1024.jpg.webp 767w, https:\/\/nestitaly.com\/wp-content\/smush-webp\/2022\/05\/PHOTO-2022-05-18-17-54-33-225x300.jpg.webp 225w, https:\/\/nestitaly.com\/wp-content\/smush-webp\/2022\/05\/PHOTO-2022-05-18-17-54-33-768x1025.jpg.webp 768w, https:\/\/nestitaly.com\/wp-content\/smush-webp\/2022\/05\/PHOTO-2022-05-18-17-54-33-1151x1536.jpg.webp 1151w, https:\/\/nestitaly.com\/wp-content\/smush-webp\/2022\/05\/PHOTO-2022-05-18-17-54-33-450x600.jpg.webp 450w, https:\/\/nestitaly.com\/wp-content\/smush-webp\/2022\/05\/PHOTO-2022-05-18-17-54-33-600x801.jpg.webp 600w, https:\/\/nestitaly.com\/wp-content\/smush-webp\/2022\/05\/PHOTO-2022-05-18-17-54-33-45x60.jpg.webp 45w, https:\/\/nestitaly.com\/wp-content\/smush-webp\/2022\/05\/PHOTO-2022-05-18-17-54-33-67x90.jpg.webp 67w, https:\/\/nestitaly.com\/wp-content\/smush-webp\/2022\/05\/PHOTO-2022-05-18-17-54-33.jpg.webp 1534w\" sizes=\"auto, (max-width: 767px) 100vw, 767px\" data-smush-webp-fallback=\"{&quot;src&quot;:&quot;https:\\\/\\\/nestitaly.com\\\/wp-content\\\/uploads\\\/2022\\\/05\\\/PHOTO-2022-05-18-17-54-33-767x1024.jpg&quot;,&quot;srcset&quot;:&quot;https:\\\/\\\/nestitaly.com\\\/wp-content\\\/uploads\\\/2022\\\/05\\\/PHOTO-2022-05-18-17-54-33-767x1024.jpg 767w, https:\\\/\\\/nestitaly.com\\\/wp-content\\\/uploads\\\/2022\\\/05\\\/PHOTO-2022-05-18-17-54-33-225x300.jpg 225w, https:\\\/\\\/nestitaly.com\\\/wp-content\\\/uploads\\\/2022\\\/05\\\/PHOTO-2022-05-18-17-54-33-768x1025.jpg 768w, https:\\\/\\\/nestitaly.com\\\/wp-content\\\/uploads\\\/2022\\\/05\\\/PHOTO-2022-05-18-17-54-33-1151x1536.jpg 1151w, https:\\\/\\\/nestitaly.com\\\/wp-content\\\/uploads\\\/2022\\\/05\\\/PHOTO-2022-05-18-17-54-33-450x600.jpg 450w, https:\\\/\\\/nestitaly.com\\\/wp-content\\\/uploads\\\/2022\\\/05\\\/PHOTO-2022-05-18-17-54-33-600x801.jpg 600w, https:\\\/\\\/nestitaly.com\\\/wp-content\\\/uploads\\\/2022\\\/05\\\/PHOTO-2022-05-18-17-54-33-45x60.jpg 45w, https:\\\/\\\/nestitaly.com\\\/wp-content\\\/uploads\\\/2022\\\/05\\\/PHOTO-2022-05-18-17-54-33-67x90.jpg 67w, https:\\\/\\\/nestitaly.com\\\/wp-content\\\/uploads\\\/2022\\\/05\\\/PHOTO-2022-05-18-17-54-33.jpg 1534w&quot;}\" \/><\/p>\n<p>&nbsp;<\/p>\n<p style=\"text-align: center;\"><span style=\"color: #000000;\">Tavolata \u00e8 il Social Table di Nest, pensato per unire un massimo di 12 persone, dando la possibilit\u00e0 di interagire con tutti al tavolo. Per eventi privati lascia spazio all\u2019immaginazione ed alle esigenze del singolo evento, qui aiutati dai magnifici spazi della villa, tra l\u2019eleganza del giardino e lo splendore naturale del lago e delle piscine naturali.<\/span><\/p>\n<p>&nbsp;<\/p>\n<p style=\"text-align: center;\"><img loading=\"lazy\" decoding=\"async\" class=\"aligncenter wp-image-98767 size-large\" src=\"https:\/\/nestitaly.com\/wp-content\/smush-webp\/2022\/05\/PHOTO-2022-05-18-17-54-34-768x1024.jpg.webp\" alt=\"Nest Italy - Tavolata and Stay at Villa with private lake\" width=\"768\" height=\"1024\" srcset=\"https:\/\/nestitaly.com\/wp-content\/smush-webp\/2022\/05\/PHOTO-2022-05-18-17-54-34-768x1024.jpg.webp 768w, https:\/\/nestitaly.com\/wp-content\/smush-webp\/2022\/05\/PHOTO-2022-05-18-17-54-34-225x300.jpg.webp 225w, https:\/\/nestitaly.com\/wp-content\/smush-webp\/2022\/05\/PHOTO-2022-05-18-17-54-34-1152x1536.jpg.webp 1152w, https:\/\/nestitaly.com\/wp-content\/smush-webp\/2022\/05\/PHOTO-2022-05-18-17-54-34-450x600.jpg.webp 450w, https:\/\/nestitaly.com\/wp-content\/smush-webp\/2022\/05\/PHOTO-2022-05-18-17-54-34-600x800.jpg.webp 600w, https:\/\/nestitaly.com\/wp-content\/smush-webp\/2022\/05\/PHOTO-2022-05-18-17-54-34-45x60.jpg.webp 45w, https:\/\/nestitaly.com\/wp-content\/smush-webp\/2022\/05\/PHOTO-2022-05-18-17-54-34-68x90.jpg.webp 68w, https:\/\/nestitaly.com\/wp-content\/smush-webp\/2022\/05\/PHOTO-2022-05-18-17-54-34.jpg.webp 1536w\" sizes=\"auto, (max-width: 768px) 100vw, 768px\" data-smush-webp-fallback=\"{&quot;src&quot;:&quot;https:\\\/\\\/nestitaly.com\\\/wp-content\\\/uploads\\\/2022\\\/05\\\/PHOTO-2022-05-18-17-54-34-768x1024.jpg&quot;,&quot;srcset&quot;:&quot;https:\\\/\\\/nestitaly.com\\\/wp-content\\\/uploads\\\/2022\\\/05\\\/PHOTO-2022-05-18-17-54-34-768x1024.jpg 768w, https:\\\/\\\/nestitaly.com\\\/wp-content\\\/uploads\\\/2022\\\/05\\\/PHOTO-2022-05-18-17-54-34-225x300.jpg 225w, https:\\\/\\\/nestitaly.com\\\/wp-content\\\/uploads\\\/2022\\\/05\\\/PHOTO-2022-05-18-17-54-34-1152x1536.jpg 1152w, https:\\\/\\\/nestitaly.com\\\/wp-content\\\/uploads\\\/2022\\\/05\\\/PHOTO-2022-05-18-17-54-34-450x600.jpg 450w, https:\\\/\\\/nestitaly.com\\\/wp-content\\\/uploads\\\/2022\\\/05\\\/PHOTO-2022-05-18-17-54-34-600x800.jpg 600w, https:\\\/\\\/nestitaly.com\\\/wp-content\\\/uploads\\\/2022\\\/05\\\/PHOTO-2022-05-18-17-54-34-45x60.jpg 45w, https:\\\/\\\/nestitaly.com\\\/wp-content\\\/uploads\\\/2022\\\/05\\\/PHOTO-2022-05-18-17-54-34-68x90.jpg 68w, https:\\\/\\\/nestitaly.com\\\/wp-content\\\/uploads\\\/2022\\\/05\\\/PHOTO-2022-05-18-17-54-34.jpg 1536w&quot;}\" \/><\/p>\n<p style=\"text-align: center;\"><span style=\"color: #000000;\"><br \/>\nQuesto \u00e8 un luogo speciale, di bellezza e poesia. Le due ville, entrambe disponibili per l\u2019affitto, hanno due anime completamente differenti.<br \/>\n<\/span><\/p>\n<p style=\"text-align: center;\"><span style=\"color: #000000;\">Su una sponda del lago si affaccia un <a href=\"https:\/\/nestitaly.com\/it\/offers\/la-foleia-villa-padiglione\/\">padiglione in stile neoclassico<\/a>, con grandi vetrate che si aprono sulle scale che entrano nel lago, e circondato da un giardino segreto dove lasciarsi meravigliare dall\u2019enorme variet\u00e0 di alberi, piante e fiori. Il salone \u00e8 riscaldato da un camino e dai colori estivi degli affreschi, mentre le due camere sono in tonalit\u00e0 calde, entrambe con un bagno privato arredato in modo leggero.<\/span><\/p>\n<p>&nbsp;<\/p>\n<h5 style=\"text-align: center;\"><img loading=\"lazy\" decoding=\"async\" class=\"wp-image-98773 size-full aligncenter\" src=\"https:\/\/nestitaly.com\/wp-content\/smush-webp\/2022\/05\/Schermata-2022-05-26-alle-16.43.15-e1653576828374.jpg.webp\" alt=\"Nest Italy - Tavolata and Stay at Villa with private lake\" width=\"500\" height=\"298\" data-smush-webp-fallback=\"{&quot;src&quot;:&quot;https:\\\/\\\/nestitaly.com\\\/wp-content\\\/uploads\\\/2022\\\/05\\\/Schermata-2022-05-26-alle-16.43.15-e1653576828374.jpg&quot;}\" \/><\/h5>\n<h5 style=\"text-align: center;\"><img loading=\"lazy\" decoding=\"async\" class=\"wp-image-98775 size-full aligncenter\" src=\"https:\/\/nestitaly.com\/wp-content\/smush-webp\/2022\/05\/Schermata-2022-05-26-alle-16.43.24-e1653576948709.jpg.webp\" alt=\"Nest Italy - Tavolata and Stay at Villa with private lake\" width=\"500\" height=\"332\" data-smush-webp-fallback=\"{&quot;src&quot;:&quot;https:\\\/\\\/nestitaly.com\\\/wp-content\\\/uploads\\\/2022\\\/05\\\/Schermata-2022-05-26-alle-16.43.24-e1653576948709.jpg&quot;}\" \/><\/h5>\n<h5 style=\"text-align: center;\"><img loading=\"lazy\" decoding=\"async\" class=\"wp-image-98783 size-full aligncenter\" src=\"https:\/\/nestitaly.com\/wp-content\/smush-webp\/2022\/05\/Schermata-2022-05-26-alle-16.43.47-e1653577382261.jpg.webp\" alt=\"Nest Italy - Tavolata and Stay at Villa with private lake\" width=\"501\" height=\"333\" data-smush-webp-fallback=\"{&quot;src&quot;:&quot;https:\\\/\\\/nestitaly.com\\\/wp-content\\\/uploads\\\/2022\\\/05\\\/Schermata-2022-05-26-alle-16.43.47-e1653577382261.jpg&quot;}\" \/><\/h5>\n<p style=\"text-align: center;\"><img loading=\"lazy\" decoding=\"async\" class=\"aligncenter wp-image-98780 size-full\" src=\"https:\/\/nestitaly.com\/wp-content\/uploads\/2022\/05\/Schermata-2022-05-26-alle-16.43.58-e1653577318724.jpg\" alt=\"Nest Italy - Tavolata and Stay at Villa with private lake\" width=\"500\" height=\"333\" \/><\/p>\n<p>&nbsp;<\/p>\n<p style=\"text-align: center;\"><span style=\"color: #000000;\">Sull\u2019altra sponda una <a href=\"https:\/\/nestitaly.com\/it\/offers\/la-foleia-villa-ottagonale\/\">villa a pianta ottagonale<\/a>, con porte finestre che si aprono sull\u2019acqua e statue che ne ornano i bordi. La veranda si mimetizza nella natura circostante mentre fiori e foglie si inseguono tra le viti e i muri interni. All\u2019interno, il fascino della grandezza incontra la familiarit\u00e0 di un luogo che sembra essere abitato da sempre, le due camere da letto, una verde Prussia e una rosa, hanno bagni privati importanti e solenni, decorati da marmi e un piccolo cielo di stelle.<\/span><\/p>\n<p>&nbsp;<\/p>\n<h5 style=\"text-align: center;\"><img loading=\"lazy\" decoding=\"async\" class=\"aligncenter wp-image-98787 size-full\" src=\"https:\/\/nestitaly.com\/wp-content\/uploads\/2022\/05\/Schermata-2022-05-26-alle-16.42.13-e1653578940432.png\" alt=\"Nest Italy - Tavolata and Stay at Villa with private lake\" width=\"334\" height=\"500\" \/><\/h5>\n<h5 style=\"text-align: center;\"><img loading=\"lazy\" decoding=\"async\" class=\"aligncenter wp-image-98791 size-full\" src=\"https:\/\/nestitaly.com\/wp-content\/uploads\/2022\/05\/Schermata-2022-05-26-alle-16.41.47-e1653578965283.png\" alt=\"Nest Italy - Tavolata and Stay at Villa with private lake\" width=\"333\" height=\"500\" \/><\/h5>\n<h5 style=\"text-align: center;\"><img loading=\"lazy\" decoding=\"async\" class=\"wp-image-98789 size-full aligncenter\" src=\"https:\/\/nestitaly.com\/wp-content\/smush-webp\/2022\/05\/Schermata-2022-05-26-alle-15.21.39-e1653577821751.png.webp\" alt=\"Nest Italy - Tavolata and Stay at Villa with private lake\" width=\"500\" height=\"334\" data-smush-webp-fallback=\"{&quot;src&quot;:&quot;https:\\\/\\\/nestitaly.com\\\/wp-content\\\/uploads\\\/2022\\\/05\\\/Schermata-2022-05-26-alle-15.21.39-e1653577821751.png&quot;}\" \/><\/h5>\n<h5 style=\"text-align: center;\"><img loading=\"lazy\" decoding=\"async\" class=\"wp-image-98793 size-full aligncenter\" src=\"https:\/\/nestitaly.com\/wp-content\/smush-webp\/2022\/05\/Schermata-2022-05-26-alle-16.41.56-e1653577971697.jpg.webp\" alt=\"Nest Italy - Tavolata and Stay at Villa with private lake\" width=\"500\" height=\"330\" data-smush-webp-fallback=\"{&quot;src&quot;:&quot;https:\\\/\\\/nestitaly.com\\\/wp-content\\\/uploads\\\/2022\\\/05\\\/Schermata-2022-05-26-alle-16.41.56-e1653577971697.jpg&quot;}\" \/><\/h5>\n<h5 style=\"text-align: center;\"><\/h5>\n<p>&nbsp;<\/p>\n<h5 style=\"text-align: center;\"><span style=\"color: #000000;\">Per prenotare l&#8217;esperienza o le Ville: <a href=\"mailto:reservations@nestitaly.com\">reservations@nestitaly.com<\/a><\/span><\/h5>\n<h5 style=\"text-align: center;\"><\/h5>\n<p>[\/vc_column_text][\/vc_column][\/vc_row][vc_row el_id=&#8221;retreats&#8221;][vc_column][vc_empty_space height=&#8221;100px&#8221;][\/vc_column][\/vc_row]<\/p>\n","protected":false},"excerpt":{"rendered":"<p>[vc_row el_class=&#8221;ricerca&#8221; el_id=&#8221;ricerca&#8221;][vc_column][vc_custom_heading text=&#8221;Tavolata + Soggiorno in una Villa con Lago Privato&#8221; font_container=&#8221;tag:h2|font_size:34|text_align:center&#8221; use_theme_fonts=&#8221;yes&#8221; t_supro_heading=&#8221;&#8221; m_supro_heading=&#8221;&#8221; t_font_size=&#8221;30&#8243; m_font_size=&#8221;24&#8243; css=&#8221;.vc_custom_1653855807090{margin-top: 0px !important;margin-bottom: 0px !important;}&#8221;][vc_empty_space height=&#8221;80px&#8221;][vc_single_image image=&#8221;98773&#8243; img_size=&#8221;full&#8221; alignment=&#8221;center&#8221;][vc_empty_space height=&#8221;80px&#8221;][vc_column_text] Ci troviamo in Lombardia, nei pressi del Lago Maggiore. Uno specchio d\u2019acqua di 4000 mq alimentata da una sorgente naturale riflette due case, complementari quanto meravigliosamente diverse [&hellip;]<\/p>\n","protected":false},"author":1,"featured_media":98767,"parent":55461,"menu_order":0,"comment_status":"closed","ping_status":"closed","template":"","meta":{"_acf_changed":false,"inline_featured_image":false,"footnotes":""},"class_list":["post-98797","page","type-page","status-publish","has-post-thumbnail","hentry",""],"acf":[],"_links":{"self":[{"href":"https:\/\/nestitaly.com\/it\/wp-json\/wp\/v2\/pages\/98797","targetHints":{"allow":["GET"]}}],"collection":[{"href":"https:\/\/nestitaly.com\/it\/wp-json\/wp\/v2\/pages"}],"about":[{"href":"https:\/\/nestitaly.com\/it\/wp-json\/wp\/v2\/types\/page"}],"author":[{"embeddable":true,"href":"https:\/\/nestitaly.com\/it\/wp-json\/wp\/v2\/users\/1"}],"replies":[{"embeddable":true,"href":"https:\/\/nestitaly.com\/it\/wp-json\/wp\/v2\/comments?post=98797"}],"version-history":[{"count":8,"href":"https:\/\/nestitaly.com\/it\/wp-json\/wp\/v2\/pages\/98797\/revisions"}],"predecessor-version":[{"id":98915,"href":"https:\/\/nestitaly.com\/it\/wp-json\/wp\/v2\/pages\/98797\/revisions\/98915"}],"up":[{"embeddable":true,"href":"https:\/\/nestitaly.com\/it\/wp-json\/wp\/v2\/pages\/55461"}],"wp:featuredmedia":[{"embeddable":true,"href":"https:\/\/nestitaly.com\/it\/wp-json\/wp\/v2\/media\/98767"}],"wp:attachment":[{"href":"https:\/\/nestitaly.com\/it\/wp-json\/wp\/v2\/media?parent=98797"}],"curies":[{"name":"wp","href":"https:\/\/api.w.org\/{rel}","templated":true}]}}