{"id":301373,"date":"2020-06-18T11:40:59","date_gmt":"2024-08-23T08:40:41","guid":{"rendered":"https:\/\/nestitaly.com\/?post_type=product&#038;p=301373"},"modified":"2024-09-12T13:01:04","modified_gmt":"2024-09-12T11:01:04","slug":"plaid-in-lino-once-milano","status":"publish","type":"product","link":"https:\/\/nestitaly.com\/it\/shop\/plaid-in-lino-once-milano\/","title":{"rendered":"Plaid in Lino, Once Milano"},"content":{"rendered":"","protected":false},"excerpt":{"rendered":"<p>Il plaid in lino sfrangiato conferisce un tocco disinvolto ed elegante a qualsiasi tipo di arredo. Disponibile in un vasto assortimento di colori e realizzato al 100% in lino italiano fatto a mano, \u00e8 una scelta elegante e pratica, sia appoggiato a m\u00f2 di drappeggio su un divano o sul letto sia usato come comoda copertura nelle serate pi\u00f9 fresche.<\/p>\n<p>Per ogni richiesta di personalizzazione (dimensione, forma o colore) scrivere a info@nestitaly.com<\/p>\n<p>Once Milano \u00e8 un&#8217;azienda italiana specializzata in prodotti di lino di alta qualit\u00e0 pensati per &#8220;vestire&#8221; la casa. Maestria artigianale, e finiture meticolose sono i fiori all&#8217;occhiello di Once Milano, a cui si aggiunge il processo della tintura in capo che esalta le qualit\u00e0 naturali del tessuto, donando ad ogni bagno di colore una sfumatura unica.<\/p>\n","protected":false},"featured_media":301366,"template":"","meta":{"_acf_changed":false,"inline_featured_image":false,"wds_primary_product_brand":0,"wds_primary_product_cat":0},"product_brand":[],"product_cat":[195,136],"product_tag":[],"class_list":{"0":"post-301373","1":"product","2":"type-product","3":"status-publish","4":"has-post-thumbnail","6":"product_cat-arredo-da-tavola-it","7":"product_cat-tessuti","8":"","10":"first","11":"instock","12":"shipping-taxable","13":"purchasable","14":"product-type-variable"},"acf":[],"_links":{"self":[{"href":"https:\/\/nestitaly.com\/it\/wp-json\/wp\/v2\/product\/301373","targetHints":{"allow":["GET"]}}],"collection":[{"href":"https:\/\/nestitaly.com\/it\/wp-json\/wp\/v2\/product"}],"about":[{"href":"https:\/\/nestitaly.com\/it\/wp-json\/wp\/v2\/types\/product"}],"wp:featuredmedia":[{"embeddable":true,"href":"https:\/\/nestitaly.com\/it\/wp-json\/wp\/v2\/media\/301366"}],"wp:attachment":[{"href":"https:\/\/nestitaly.com\/it\/wp-json\/wp\/v2\/media?parent=301373"}],"wp:term":[{"taxonomy":"product_brand","embeddable":true,"href":"https:\/\/nestitaly.com\/it\/wp-json\/wp\/v2\/product_brand?post=301373"},{"taxonomy":"product_cat","embeddable":true,"href":"https:\/\/nestitaly.com\/it\/wp-json\/wp\/v2\/product_cat?post=301373"},{"taxonomy":"product_tag","embeddable":true,"href":"https:\/\/nestitaly.com\/it\/wp-json\/wp\/v2\/product_tag?post=301373"}],"curies":[{"name":"wp","href":"https:\/\/api.w.org\/{rel}","templated":true}]}}