{"id":302278,"date":"2020-06-18T10:40:58","date_gmt":"2024-09-12T10:06:02","guid":{"rendered":"https:\/\/nestitaly.com\/?post_type=product&#038;p=302278"},"modified":"2024-09-12T12:06:05","modified_gmt":"2024-09-12T10:06:05","slug":"pochette-once-milano","status":"publish","type":"product","link":"https:\/\/nestitaly.com\/it\/shop\/pochette-once-milano\/","title":{"rendered":"Pochette, Once Milano"},"content":{"rendered":"","protected":false},"excerpt":{"rendered":"<p>Medium: 26x19x7cm (EUR 75,00)<\/p>\n<p>Large: 30x21x12 (EUR 85,00)<\/p>\n<p>Le pochettes di Once Milano in 100% lino made in Italy sono disponibili in due taglie e in numerose varianti colore. Il perfetto accessorio per organizzare gli oggetti da portare con s\u00e8 ogni giorno. La versione pi\u00f9 piccola \u00e9 dotata di una zip, mentre la versione pi\u00f9 grande ha due tasche interne.<\/p>\n<p>Per ogni richiesta di personalizzazione (dimensione, forma o colore) scrivere a info@nestitaly.com<\/p>\n<p>Once Milano \u00e8 un&#8217;azienda italiana specializzata in prodotti di lino di alta qualit\u00e0 pensati per &#8220;vestire&#8221; la casa. Maestria artigianale, e finiture meticolose sono i fiori all&#8217;occhiello di Once Milano, a cui si aggiunge il processo della tintura in capo che esalta le qualit\u00e0 naturali del tessuto, donando ad ogni bagno di colore una sfumatura unica.<\/p>\n","protected":false},"featured_media":301039,"template":"","meta":{"_acf_changed":false,"inline_featured_image":false,"wds_primary_product_brand":0,"wds_primary_product_cat":0},"product_brand":[],"product_cat":[195,136],"product_tag":[],"class_list":{"0":"post-302278","1":"product","2":"type-product","3":"status-publish","4":"has-post-thumbnail","6":"product_cat-arredo-da-tavola-it","7":"product_cat-tessuti","8":"","10":"first","11":"instock","12":"shipping-taxable","13":"purchasable","14":"product-type-variable"},"acf":[],"_links":{"self":[{"href":"https:\/\/nestitaly.com\/it\/wp-json\/wp\/v2\/product\/302278","targetHints":{"allow":["GET"]}}],"collection":[{"href":"https:\/\/nestitaly.com\/it\/wp-json\/wp\/v2\/product"}],"about":[{"href":"https:\/\/nestitaly.com\/it\/wp-json\/wp\/v2\/types\/product"}],"wp:featuredmedia":[{"embeddable":true,"href":"https:\/\/nestitaly.com\/it\/wp-json\/wp\/v2\/media\/301039"}],"wp:attachment":[{"href":"https:\/\/nestitaly.com\/it\/wp-json\/wp\/v2\/media?parent=302278"}],"wp:term":[{"taxonomy":"product_brand","embeddable":true,"href":"https:\/\/nestitaly.com\/it\/wp-json\/wp\/v2\/product_brand?post=302278"},{"taxonomy":"product_cat","embeddable":true,"href":"https:\/\/nestitaly.com\/it\/wp-json\/wp\/v2\/product_cat?post=302278"},{"taxonomy":"product_tag","embeddable":true,"href":"https:\/\/nestitaly.com\/it\/wp-json\/wp\/v2\/product_tag?post=302278"}],"curies":[{"name":"wp","href":"https:\/\/api.w.org\/{rel}","templated":true}]}}