{"id":7049,"date":"2020-08-22T23:22:35","date_gmt":"2020-11-18T22:22:35","guid":{"rendered":"https:\/\/nestitaly.com\/?post_type=product&#038;p=7049"},"modified":"2020-11-30T16:53:03","modified_gmt":"2020-11-30T15:53:03","slug":"merah-carlo-baccheschi-berti","status":"publish","type":"product","link":"https:\/\/nestitaly.com\/it\/shop\/merah-carlo-baccheschi-berti\/","title":{"rendered":"Merah 2017, Carlo Baccheschi Berti"},"content":{"rendered":"","protected":false},"excerpt":{"rendered":"<div class=\"product-short-description\">\n<div class=\"product-short-description\">\n<p>Profumo di casa, respiro di vita, sorso di Toscana. Si muove come il mare che guarda, dai toni di frutta rossa croccante ai fiori viola appena sbocciati. \u00c8 un&#8217;alba fresca e serena che si rinnova ad ogni sorso. Il corpo \u00e8 rotondo e sempre teso, mentre il finale \u00e8 sapido e minerale, rivelando i sentori balsamici e floreali che sono la naturale espressione del Sangiovese in Toscana.<\/p>\n<p>Fermentazione In tini di legno conici da 3000 litri di rovere di Slavonia e tini in acciaio inox<br \/>\nMaturazione in Tonneaux di quercia francese e tini in acciaio inossidabile<br \/>\nInvecchiamento 12 mesi in bottiglia.<\/p>\n<div class=\"table-2\"><strong>VITIGNO\u00a0<\/strong>Sangiovese 100%<\/div>\n<div><\/div>\n<div class=\"table-2\"><strong>GRADAZIONE\u00a0<\/strong>13,5% Vol<\/div>\n<p class=\"table-2\"><strong>COLORE\u00a0Rosso<\/strong><\/p>\n<h5 class=\"table-2\"><strong>Carlo Baccheschi Berti\u00a0<\/strong><\/h5>\n<p class=\"table-2\">Questi vini sono prodotti da due generazioni della famiglia Baccheschi Berti, Carlo e dal figlio maggiore Brando. Trovando ispirazione nei vini di Bordeaux, Carlo ha cercato di realizzare il suo sogno di creare un vino toscano simile a quelli del celebre terroir.<\/p>\n<\/div>\n<\/div>\n","protected":false},"featured_media":7051,"template":"","meta":{"_acf_changed":false,"inline_featured_image":false,"wds_primary_product_brand":0,"wds_primary_product_cat":0},"product_brand":[],"product_cat":[74],"product_tag":[],"class_list":{"0":"post-7049","1":"product","2":"type-product","3":"status-publish","4":"has-post-thumbnail","6":"product_cat-alcolici","7":"","9":"first","10":"instock","11":"shipping-taxable","12":"purchasable","13":"product-type-simple"},"acf":[],"_links":{"self":[{"href":"https:\/\/nestitaly.com\/it\/wp-json\/wp\/v2\/product\/7049","targetHints":{"allow":["GET"]}}],"collection":[{"href":"https:\/\/nestitaly.com\/it\/wp-json\/wp\/v2\/product"}],"about":[{"href":"https:\/\/nestitaly.com\/it\/wp-json\/wp\/v2\/types\/product"}],"wp:featuredmedia":[{"embeddable":true,"href":"https:\/\/nestitaly.com\/it\/wp-json\/wp\/v2\/media\/7051"}],"wp:attachment":[{"href":"https:\/\/nestitaly.com\/it\/wp-json\/wp\/v2\/media?parent=7049"}],"wp:term":[{"taxonomy":"product_brand","embeddable":true,"href":"https:\/\/nestitaly.com\/it\/wp-json\/wp\/v2\/product_brand?post=7049"},{"taxonomy":"product_cat","embeddable":true,"href":"https:\/\/nestitaly.com\/it\/wp-json\/wp\/v2\/product_cat?post=7049"},{"taxonomy":"product_tag","embeddable":true,"href":"https:\/\/nestitaly.com\/it\/wp-json\/wp\/v2\/product_tag?post=7049"}],"curies":[{"name":"wp","href":"https:\/\/api.w.org\/{rel}","templated":true}]}}